{"id":50,"date":"2023-11-28T16:30:18","date_gmt":"2023-11-28T15:30:18","guid":{"rendered":"https:\/\/mightylu.com\/?post_type=product&#038;p=50"},"modified":"2026-03-19T10:22:20","modified_gmt":"2026-03-19T09:22:20","slug":"konverter-bucica-u-sipku-2","status":"publish","type":"product","link":"https:\/\/mightylu.com\/hr\/product\/dumbbell-to-barbell-converter\/","title":{"rendered":"Konverter bu\u010dica u \u0161ipku"},"content":{"rendered":"<div data-elementor-type=\"wp-post\" data-elementor-id=\"50\" class=\"elementor elementor-50\">\n\t\t\t\t<div class=\"elementor-element elementor-element-2c0658b4 e-flex e-con-boxed e-con e-parent\" data-id=\"2c0658b4\" data-element_type=\"container\" data-e-type=\"container\">\n\t\t\t\t\t<div class=\"e-con-inner\">\n\t\t\t\t<div class=\"elementor-element elementor-element-2465b39c elementor-widget elementor-widget-text-editor\" data-id=\"2465b39c\" data-element_type=\"widget\" data-e-type=\"widget\" data-widget_type=\"text-editor.default\">\n\t\t\t\t<div class=\"elementor-widget-container\">\n\t\t\t\t\t\t\t\t\t<p><strong>Predstavljamo konverter bu\u010dica u \u0161ipku: pove\u0107ajte broj vje\u017ebi u va\u0161oj ku\u0107noj teretani<\/strong><\/p><p>Kako bismo obogatili na\u0161u ponudu, izdvojili smo must have, popularan komad opreme na tr\u017ei\u0161tu<\/p><p>Nadogradite svoju ku\u0107nu teretanu s konverterom bu\u010dica u \u0161ipku sa utezima, svestranim rje\u0161enjem koje \u0161tedi prostor i osmi\u0161ljeno da maksimizira va\u0161u rutinu vje\u017ebanja snage. Pretvorite svoje postoje\u0107e bu\u010dice u potpuno funkcionalnu \u0161ipku sa utezima i otklju\u010dajte \u0161iri raspon vje\u017ebi za ciljanje svake mi\u0161i\u0107ne skupine.<\/p><p><strong>Svestranost:<\/strong> Uz ovaj konverter mo\u017eete neprimjetno prelaziti izme\u0111u vje\u017ebi s bu\u010dicama i \u0161ipkom, dodaju\u0107i raznolikost i intenzitet <a href=\"https:\/\/www.garagegymreviews.com\/best-barbell-exercises\" target=\"_blank\" rel=\"noopener\">svom treningu<\/a>. Od bench potiska i \u010du\u010dnjeva do veslanja i mrtvog dizanja, ovaj inovativni alat nudi beskrajne mogu\u0107nosti za oblikovanje va\u0161eg tijela.<\/p><p><strong>Premium kvaliteta materijala:<\/strong> Projektiran za dugotrajnost i efikasnost, ovaj konverter je izra\u0111en od visoko kvalitetnih materijala, osiguravaju\u0107i stabilnost i sigurnost \u010dak i tijekom najintenzivnijih treninga. \u010cvrsta \u010deli\u010dna konstrukcija i siguran mehanizam za zaklju\u010davanje pru\u017eaju stabilnu platformu za podizanje, omogu\u0107uju\u0107i vam da se usredoto\u010dite na postizanje svojih fitness ciljeva bez kompromisa.<\/p><p><strong>Kompaktan i prakti\u010dan:<\/strong> Recite zbogom pretrpanim prostorima za vje\u017ebanje. Kompaktan i prenosiv dizajn konverter bu\u010dica u \u0161ipku \u010dini ga idealnim dodatkom svakoj ku\u0107noj teretani. Jednostavno ga spremite u ormar ili ispod kreveta kada nije u upotrebi, pove\u0107avaju\u0107i svoj \u017eivotni prostor bez \u017ertvovanja funkcionalnosti.<\/p><p><strong>Jednostavno postavljanje i upotreba:<\/strong> Dizajnirana za jednostavnost i prakti\u010dnost, na\u0161 konverter \u0161ipka je jednostavna za sastavljanje i kori\u0161tenje, \u0161to je \u010dini prikladnom za fitness entuzijaste svih razina. Jednostavno pri\u010dvrstite svoje bu\u010dice na sredi\u0161nju \u0161ipku i u\u010dvrstite ih na mjestu pomo\u0107u integriranog mehanizma za zaklju\u010davanje za neprimjetan prijelaz na vje\u017ebe s \u0161ipkom.<\/p><p><strong>Nova razina treninga snage:<\/strong> Podignite svoj trening snage na vi\u0161u razinu s konverterom bu\u010dica u \u0161ipku. Bilo da \u017eelite izgraditi mi\u0161i\u0107e, pove\u0107ati snagu ili pobolj\u0161ati izdr\u017eljivost, ovaj svestrani alat omogu\u0107uje vam postizanje va\u0161ih fitness ciljeva iz udobnosti va\u0161eg doma.<\/p><p><strong>Transformirajte svoje treninge:<\/strong> Pove\u0107ajte kvalitetu svojeg treninga u ku\u0107noj teretani s konverterom bu\u010dica u \u0161ipku i otklju\u010dajte puni potencijal svoje rutine vje\u017ebanja snage. Pretvorite svoje bu\u010dice u cjelovito fitness rje\u0161enje i otkrijte beskrajne mogu\u0107nosti za oblikovanje svoje idealne tjelesne gra\u0111e.<\/p><p>Napomena: konverter bu\u010dica u \u0161ipku ne dolazi s bu\u010dicama.<\/p><p>Plasti\u010dna matica mo\u017ee do\u0107i u naran\u010dastoj ili crnoj boji.<\/p>\t\t\t\t\t\t\t\t<\/div>\n\t\t\t\t<\/div>\n\t\t\t\t\t<\/div>\n\t\t\t\t<\/div>\n\t\t<div class=\"elementor-element elementor-element-0b29a62 e-flex e-con-boxed e-con e-parent\" data-id=\"0b29a62\" data-element_type=\"container\" data-e-type=\"container\">\n\t\t\t\t\t<div class=\"e-con-inner\">\n\t\t\t\t<div class=\"elementor-element elementor-element-4c06ce5 elementor-widget elementor-widget-heading\" data-id=\"4c06ce5\" data-element_type=\"widget\" data-e-type=\"widget\" data-widget_type=\"heading.default\">\n\t\t\t\t<div class=\"elementor-widget-container\">\n\t\t\t\t\t<h2 class=\"elementor-heading-title elementor-size-default\">Konverter bu\u010dica u \u0161ipku je trajan, lagan i perfektan za ku\u0107nu teretanu<\/h2>\t\t\t\t<\/div>\n\t\t\t\t<\/div>\n\t\t\t\t<div class=\"elementor-element elementor-element-d0d8572 elementor-widget elementor-widget-text-editor\" data-id=\"d0d8572\" data-element_type=\"widget\" data-e-type=\"widget\" data-widget_type=\"text-editor.default\">\n\t\t\t\t<div class=\"elementor-widget-container\">\n\t\t\t\t\t\t\t\t\t<h4>Kvaliteta izrade<\/h4><p>Izra\u0111en od visokokvalitetnih materijala, na\u0161 konverter bu\u010dica u \u0161ipku je dizajniran da bude lagan, a da pritom dopu\u0161ta znatnu nosivost, \u0161to ga \u010dini idealnim za ljubitelje ku\u0107ne teretane. Ru\u010dka je izra\u0111ena od \u010delika debljine 5 mm promjera 32 mm, mo\u017ee izdr\u017eati do 80 kg, pru\u017eaju\u0107i vi\u0161e nego dovoljan otpor za ozbiljnu izgradnju mi\u0161i\u0107a u udobnosti vlastitog doma.<\/p>\t\t\t\t\t\t\t\t<\/div>\n\t\t\t\t<\/div>\n\t\t\t\t\t<\/div>\n\t\t\t\t<\/div>\n\t\t<div class=\"elementor-element elementor-element-03ed4aa e-flex e-con-boxed e-con e-parent\" data-id=\"03ed4aa\" data-element_type=\"container\" data-e-type=\"container\">\n\t\t\t\t\t<div class=\"e-con-inner\">\n\t\t\t\t<div class=\"elementor-element elementor-element-92ed9f8 elementor-widget-tablet_extra__width-initial elementor-widget elementor-widget-image\" data-id=\"92ed9f8\" data-element_type=\"widget\" data-e-type=\"widget\" data-widget_type=\"image.default\">\n\t\t\t\t<div class=\"elementor-widget-container\">\n\t\t\t\t\t\t\t\t\t\t\t\t\t\t\t<img fetchpriority=\"high\" decoding=\"async\" width=\"1024\" height=\"1024\" src=\"https:\/\/mightylu.com\/wp-content\/uploads\/2023\/11\/Bez-naslova-\u2013-kopija-\u2013-kopija-14-1024x1024.png\" class=\"attachment-large size-large wp-image-2213\" alt=\"\" srcset=\"https:\/\/mightylu.com\/wp-content\/uploads\/2023\/11\/Bez-naslova-\u2013-kopija-\u2013-kopija-14-1024x1024.png 1024w, https:\/\/mightylu.com\/wp-content\/uploads\/2023\/11\/Bez-naslova-\u2013-kopija-\u2013-kopija-14-300x300.png 300w, https:\/\/mightylu.com\/wp-content\/uploads\/2023\/11\/Bez-naslova-\u2013-kopija-\u2013-kopija-14-150x150.png 150w, https:\/\/mightylu.com\/wp-content\/uploads\/2023\/11\/Bez-naslova-\u2013-kopija-\u2013-kopija-14-768x768.png 768w, https:\/\/mightylu.com\/wp-content\/uploads\/2023\/11\/Bez-naslova-\u2013-kopija-\u2013-kopija-14.png 1250w\" sizes=\"(max-width: 1024px) 100vw, 1024px\" \/>\t\t\t\t\t\t\t\t\t\t\t\t\t\t\t<\/div>\n\t\t\t\t<\/div>\n\t\t\t\t\t<\/div>\n\t\t\t\t<\/div>\n\t\t<div class=\"elementor-element elementor-element-04f8904 e-flex e-con-boxed e-con e-parent\" data-id=\"04f8904\" data-element_type=\"container\" data-e-type=\"container\">\n\t\t\t\t\t<div class=\"e-con-inner\">\n\t\t\t\t<div class=\"elementor-element elementor-element-1b3eb79 elementor-widget elementor-widget-text-editor\" data-id=\"1b3eb79\" data-element_type=\"widget\" data-e-type=\"widget\" data-widget_type=\"text-editor.default\">\n\t\t\t\t<div class=\"elementor-widget-container\">\n\t\t\t\t\t\t\t\t\t<p>Ru\u010dka je presvu\u010dena gumenim slojem koji nudi izvrsno prianjanje i udobnost tijekom vje\u017ebanja.<\/p>\t\t\t\t\t\t\t\t<\/div>\n\t\t\t\t<\/div>\n\t\t\t\t\t<\/div>\n\t\t\t\t<\/div>\n\t\t<div class=\"elementor-element elementor-element-4ab8c45 e-flex e-con-boxed e-con e-parent\" data-id=\"4ab8c45\" data-element_type=\"container\" data-e-type=\"container\">\n\t\t\t\t\t<div class=\"e-con-inner\">\n\t\t\t\t<div class=\"elementor-element elementor-element-c6b50d1 elementor-widget elementor-widget-text-editor\" data-id=\"c6b50d1\" data-element_type=\"widget\" data-e-type=\"widget\" data-widget_type=\"text-editor.default\">\n\t\t\t\t<div class=\"elementor-widget-container\">\n\t\t\t\t\t\t\t\t\t<p>Stezaljka za utege izra\u0111ena je od vrlo izdr\u017eljive plastike, dok se podesiva gumena obloga sigurno prilago\u0111ava obliku bu\u010dice, osiguravaju\u0107i stabilno prianjanje.<\/p>\t\t\t\t\t\t\t\t<\/div>\n\t\t\t\t<\/div>\n\t\t\t\t\t<\/div>\n\t\t\t\t<\/div>\n\t\t<div class=\"elementor-element elementor-element-419ccef e-flex e-con-boxed e-con e-parent\" data-id=\"419ccef\" data-element_type=\"container\" data-e-type=\"container\">\n\t\t\t\t\t<div class=\"e-con-inner\">\n\t\t\t\t<div class=\"elementor-element elementor-element-c893c6d elementor-widget-tablet_extra__width-initial elementor-widget elementor-widget-image\" data-id=\"c893c6d\" data-element_type=\"widget\" data-e-type=\"widget\" data-widget_type=\"image.default\">\n\t\t\t\t<div class=\"elementor-widget-container\">\n\t\t\t\t\t\t\t\t\t\t\t\t\t\t\t<img decoding=\"async\" width=\"1024\" height=\"1024\" src=\"https:\/\/mightylu.com\/wp-content\/uploads\/2023\/11\/Bez-naslova-\u2013-kopija-\u2013-kopija-12-1-1024x1024.png\" class=\"attachment-large size-large wp-image-2214\" alt=\"User-friendly converter for attaching dumbbells into a barbell setup\" srcset=\"https:\/\/mightylu.com\/wp-content\/uploads\/2023\/11\/Bez-naslova-\u2013-kopija-\u2013-kopija-12-1-1024x1024.png 1024w, https:\/\/mightylu.com\/wp-content\/uploads\/2023\/11\/Bez-naslova-\u2013-kopija-\u2013-kopija-12-1-300x300.png 300w, https:\/\/mightylu.com\/wp-content\/uploads\/2023\/11\/Bez-naslova-\u2013-kopija-\u2013-kopija-12-1-150x150.png 150w, https:\/\/mightylu.com\/wp-content\/uploads\/2023\/11\/Bez-naslova-\u2013-kopija-\u2013-kopija-12-1-768x768.png 768w, https:\/\/mightylu.com\/wp-content\/uploads\/2023\/11\/Bez-naslova-\u2013-kopija-\u2013-kopija-12-1-1536x1536.png 1536w, https:\/\/mightylu.com\/wp-content\/uploads\/2023\/11\/Bez-naslova-\u2013-kopija-\u2013-kopija-12-1-2048x2048.png 2048w, https:\/\/mightylu.com\/wp-content\/uploads\/2023\/11\/Bez-naslova-\u2013-kopija-\u2013-kopija-12-1-1500x1500.png 1500w\" sizes=\"(max-width: 1024px) 100vw, 1024px\" \/>\t\t\t\t\t\t\t\t\t\t\t\t\t\t\t<\/div>\n\t\t\t\t<\/div>\n\t\t\t\t\t<\/div>\n\t\t\t\t<\/div>\n\t\t<div class=\"elementor-element elementor-element-dc092a7 e-flex e-con-boxed e-con e-parent\" data-id=\"dc092a7\" data-element_type=\"container\" data-e-type=\"container\">\n\t\t\t\t\t<div class=\"e-con-inner\">\n\t\t\t\t<div class=\"elementor-element elementor-element-4586497 elementor-widget elementor-widget-text-editor\" data-id=\"4586497\" data-element_type=\"widget\" data-e-type=\"widget\" data-widget_type=\"text-editor.default\">\n\t\t\t\t<div class=\"elementor-widget-container\">\n\t\t\t\t\t\t\t\t\t<h4>\u0160tednja prostora<\/h4><p>Uz kompaktne dimenzije, konverter ima maksimalnu \u0161irinu zahvata od 79 cm, \u0161to je vi\u0161e nego dovoljno za izvo\u0111enje mnogih vje\u017ebi.<\/p>\t\t\t\t\t\t\t\t<\/div>\n\t\t\t\t<\/div>\n\t\t\t\t\t<\/div>\n\t\t\t\t<\/div>\n\t\t<div class=\"elementor-element elementor-element-733f0e6 e-flex e-con-boxed e-con e-parent\" data-id=\"733f0e6\" data-element_type=\"container\" data-e-type=\"container\">\n\t\t\t\t\t<div class=\"e-con-inner\">\n\t\t\t\t<div class=\"elementor-element elementor-element-42fc48c elementor-widget-tablet_extra__width-initial elementor-widget elementor-widget-image\" data-id=\"42fc48c\" data-element_type=\"widget\" data-e-type=\"widget\" data-widget_type=\"image.default\">\n\t\t\t\t<div class=\"elementor-widget-container\">\n\t\t\t\t\t\t\t\t\t\t\t\t\t\t\t<img decoding=\"async\" width=\"2160\" height=\"1215\" src=\"https:\/\/mightylu.com\/wp-content\/uploads\/2023\/11\/Dizajn-bez-naslova-38.png\" class=\"attachment-full size-full wp-image-2215\" alt=\"Compact converter for transforming dumbbells into a barbell\" srcset=\"https:\/\/mightylu.com\/wp-content\/uploads\/2023\/11\/Dizajn-bez-naslova-38.png 2160w, https:\/\/mightylu.com\/wp-content\/uploads\/2023\/11\/Dizajn-bez-naslova-38-300x169.png 300w, https:\/\/mightylu.com\/wp-content\/uploads\/2023\/11\/Dizajn-bez-naslova-38-1024x576.png 1024w, https:\/\/mightylu.com\/wp-content\/uploads\/2023\/11\/Dizajn-bez-naslova-38-768x432.png 768w, https:\/\/mightylu.com\/wp-content\/uploads\/2023\/11\/Dizajn-bez-naslova-38-1536x864.png 1536w, https:\/\/mightylu.com\/wp-content\/uploads\/2023\/11\/Dizajn-bez-naslova-38-2048x1152.png 2048w\" sizes=\"(max-width: 2160px) 100vw, 2160px\" \/>\t\t\t\t\t\t\t\t\t\t\t\t\t\t\t<\/div>\n\t\t\t\t<\/div>\n\t\t\t\t\t<\/div>\n\t\t\t\t<\/div>\n\t\t<div class=\"elementor-element elementor-element-2101b0f e-flex e-con-boxed e-con e-parent\" data-id=\"2101b0f\" data-element_type=\"container\" data-e-type=\"container\">\n\t\t\t\t\t<div class=\"e-con-inner\">\n\t\t\t\t<div class=\"elementor-element elementor-element-b05bb09 elementor-widget elementor-widget-text-editor\" data-id=\"b05bb09\" data-element_type=\"widget\" data-e-type=\"widget\" data-widget_type=\"text-editor.default\">\n\t\t\t\t<div class=\"elementor-widget-container\">\n\t\t\t\t\t\t\t\t\t<p>Ako \u017eelite nau\u010diti koje vje\u017ebe za ruke mo\u017eete raditi s konverterom bu\u010dica u \u0161ipku, pogledajte na\u0161 <a href=\"https:\/\/mightylu.com\/hr\/vjezbe-za-ruke-koje-mozete-raditi-kod-kuce-s-bucicama-i-konverterom-bucica-u-sipku\/\">blogu<\/a>.<\/p>\t\t\t\t\t\t\t\t<\/div>\n\t\t\t\t<\/div>\n\t\t\t\t\t<\/div>\n\t\t\t\t<\/div>\n\t\t\t\t<\/div>","protected":false},"excerpt":{"rendered":"<p><strong>Maksimiziraj raznolikost svog treninga<\/strong><\/p>\n<p>Pretvorite svoju ku\u0107nu teretanu s konvertiranjem bu\u010dica u \u0161ipku. Ovaj inovativni alat, koji smo mi ru\u010dno odabrali s tr\u017ei\u0161ta, jednostavno pretvara va\u0161e bu\u010dice u \u0161ipku sa utezima, omogu\u0107uju\u0107i vam izvo\u0111enje \u0161ireg raspona vje\u017ebi s lako\u0107om. Izra\u0111en od visokokvalitetnih materijala za izdr\u017eljivost i stabilnost, kompaktan je i jednostavan za spremanje. Savr\u0161en za sve razine kondicije, pobolj\u0161ava va\u0161u rutinu treninga snage i poma\u017ee vam u postizanju va\u0161ih fitness ciljeva iz udobnosti va\u0161eg doma.<\/p>\n<p>Dimenzije bu\u010dice: Duljina ru\u010dke min 11,5cm, promjer ru\u010dke 37-26mm<\/p>\n<p>Vrijeme isporuke: 5-10 radnih dana<\/p>\n<p>Napomena: konverter bu\u010dica u \u0161ipku ne dolazi s bu\u010dicama<\/p>\n<p>Plasti\u010dna matica mo\u017ee do\u0107i u naran\u010dastoj ili crnoj boji.<\/p>","protected":false},"featured_media":2175,"comment_status":"open","ping_status":"closed","template":"","meta":[],"product_brand":[],"product_cat":[38],"product_tag":[],"class_list":{"0":"post-50","1":"product","2":"type-product","3":"status-publish","4":"has-post-thumbnail","6":"product_cat-barbell","7":"product_shipping_class-light-2","9":"first","10":"instock","11":"sale","12":"featured","13":"taxable","14":"shipping-taxable","15":"purchasable","16":"product-type-simple"},"jetpack_sharing_enabled":true,"_links":{"self":[{"href":"https:\/\/mightylu.com\/hr\/wp-json\/wp\/v2\/product\/50","targetHints":{"allow":["GET"]}}],"collection":[{"href":"https:\/\/mightylu.com\/hr\/wp-json\/wp\/v2\/product"}],"about":[{"href":"https:\/\/mightylu.com\/hr\/wp-json\/wp\/v2\/types\/product"}],"replies":[{"embeddable":true,"href":"https:\/\/mightylu.com\/hr\/wp-json\/wp\/v2\/comments?post=50"}],"version-history":[{"count":8,"href":"https:\/\/mightylu.com\/hr\/wp-json\/wp\/v2\/product\/50\/revisions"}],"predecessor-version":[{"id":4150,"href":"https:\/\/mightylu.com\/hr\/wp-json\/wp\/v2\/product\/50\/revisions\/4150"}],"wp:featuredmedia":[{"embeddable":true,"href":"https:\/\/mightylu.com\/hr\/wp-json\/wp\/v2\/media\/2175"}],"wp:attachment":[{"href":"https:\/\/mightylu.com\/hr\/wp-json\/wp\/v2\/media?parent=50"}],"wp:term":[{"taxonomy":"product_brand","embeddable":true,"href":"https:\/\/mightylu.com\/hr\/wp-json\/wp\/v2\/product_brand?post=50"},{"taxonomy":"product_cat","embeddable":true,"href":"https:\/\/mightylu.com\/hr\/wp-json\/wp\/v2\/product_cat?post=50"},{"taxonomy":"product_tag","embeddable":true,"href":"https:\/\/mightylu.com\/hr\/wp-json\/wp\/v2\/product_tag?post=50"}],"curies":[{"name":"wp","href":"https:\/\/api.w.org\/{rel}","templated":true}]}}