{"id":3970,"date":"2025-04-30T13:51:24","date_gmt":"2025-04-30T11:51:24","guid":{"rendered":"https:\/\/mightylu.com\/?post_type=product&#038;p=3970"},"modified":"2025-04-30T14:16:06","modified_gmt":"2025-04-30T12:16:06","slug":"zidni-nosac-za-bucice","status":"publish","type":"product","link":"https:\/\/mightylu.com\/hr\/product\/dumbbell-wall-rack\/","title":{"rendered":"Zidni nosa\u010d za bu\u010dice"},"content":{"rendered":"<div data-elementor-type=\"wp-post\" data-elementor-id=\"3970\" class=\"elementor elementor-3970\">\n\t\t\t\t<div class=\"elementor-element elementor-element-2c0658b4 e-flex e-con-boxed e-con e-parent\" data-id=\"2c0658b4\" data-element_type=\"container\" data-e-type=\"container\">\n\t\t\t\t\t<div class=\"e-con-inner\">\n\t\t\t\t<div class=\"elementor-element elementor-element-2465b39c elementor-widget elementor-widget-text-editor\" data-id=\"2465b39c\" data-element_type=\"widget\" data-e-type=\"widget\" data-widget_type=\"text-editor.default\">\n\t\t\t\t<div class=\"elementor-widget-container\">\n\t\t\t\t\t\t\t\t\t<h2 data-start=\"141\" data-end=\"205\"><strong data-start=\"146\" data-end=\"205\">Zidni nosa\u010d za bu\u010dice od \u010delika \u2013 savr\u0161ena organizacija ku\u0107ne teretane<\/strong><\/h2><p class=\"\" data-start=\"207\" data-end=\"387\">Podigni razinu organizacije svoje ku\u0107ne teretane uz <strong data-start=\"266\" data-end=\"288\">Zidni nosa\u010d za bu\u010dice<\/strong> \u2013 pametno, prostorno u\u010dinkovito rje\u0161enje za pohranu bu\u010dica koje dr\u017ei tvoju teretanu urednom i funkcionalnom.<\/p><p class=\"\" data-start=\"389\" data-end=\"700\">Nosa\u010d je izra\u0111en od <strong data-start=\"419\" data-end=\"445\">\u010deli\u010dnog lima debljine 3 mm<\/strong>, s crnom mat plastifikacijom za dugotrajnost i moderan izgled. Na mjestu gdje ru\u010dke bu\u010dica dolaze u kontakt s nosa\u010dem ugra\u0111ene su za\u0161titne podloge, koje \u0161tite i bu\u010dice i nosa\u010d od o\u0161te\u0107enja, a pritom \u010duvaju i tvoje ruke.<\/p><p class=\"\" data-start=\"702\" data-end=\"1003\">Prodaje se <strong data-start=\"707\" data-end=\"720\">po komadu<\/strong>, a svaki nosa\u010d je dizajniran da dr\u017ei <strong data-start=\"757\" data-end=\"782\">jedan par bu\u010dica<\/strong> te\u017eine do <strong data-start=\"789\" data-end=\"817\">30 kg po bu\u010dici (ukupno 60 kg)<\/strong>. Zahvaljuju\u0107i modularnom dizajnu, nosa\u010de mo\u017ee\u0161 postavljati okomito, jedan iznad drugog, kako bi stvorio toranj za bu\u010dice, ili vodoravno, jedan pokraj drugog, ovisno o prostoru i vlastitim \u017eeljama.<\/p><p class=\"\" data-start=\"1005\" data-end=\"1177\">Bez obzira oprema\u0161 li cijelu gara\u017enu teretanu ili tra\u017ei\u0161 jednostavno rje\u0161enje za nekoliko pari bu\u010dica, zidni nosa\u010d ti pru\u017ea potpunu slobodu organizacije.<\/p><h2 data-start=\"261\" data-end=\"337\"><strong data-start=\"265\" data-end=\"337\">Za\u0161to je zidni nosa\u010d za bu\u010dice idealan za ku\u0107nu teretanu<\/strong><\/h2><p class=\"\" data-start=\"339\" data-end=\"649\">U ku\u0107noj teretani<strong data-start=\"354\" data-end=\"377\"> svaki centimetar prostora<\/strong> je bitan \u2013 zato je <strong data-start=\"402\" data-end=\"437\">zidni nosa\u010d za bu\u010dice savr\u0161en izbor<\/strong>. Za razliku od glomaznih podnih stalaka, ovaj nosa\u010d \u010duva tvoje bu\u010dice na zidu, osloba\u0111a pod i stvara vi\u0161e mjesta za vje\u017ebanje.<\/p><p class=\"\" data-start=\"651\" data-end=\"858\">Idealno rje\u0161enje za kompaktne prostore, gara\u017ene teretane i sve koji vole uredan, funkcionalan prostor za trening. Osim \u0161to \u0161tedi prostor, zidna monta\u017ea daje tvojoj teretani profesionalni izgled.<\/p><p class=\"\" data-start=\"860\" data-end=\"1096\">\ud83d\udee0\ufe0f <strong data-start=\"864\" data-end=\"893\">Brza i jednostavna monta\u017ea<\/strong><br data-start=\"893\" data-end=\"896\" \/>Za pri\u010dvr\u0161\u0107ivanje su potrebna <strong data-start=\"928\" data-end=\"958\">samo dva vijka (M8 ili M10)<\/strong> \u2013 bez prekomjernog bu\u0161enja i nepotrebnih rupa po zidu.<\/p><p class=\"\" data-start=\"1098\" data-end=\"1324\">\ud83d\udccf <strong data-start=\"1101\" data-end=\"1125\">Provjeri dimenzije prije kupnje<\/strong><br data-start=\"1125\" data-end=\"1128\" \/>Prije narud\u017ebe izmjeri promjer ru\u010dke svojih bu\u010dica kako bi bio siguran da \u0107e savr\u0161eno pristajati. Nosa\u010d je prilago\u0111en standardnim dimenzijama, ali mjerenje osigurava potpunu kompatibilnost.<\/p><p data-start=\"1005\" data-end=\"1177\"><em data-start=\"1184\" data-end=\"1268\">Bu\u010dice prikazane na slikama su samo za ilustracijske potrebe i ne dolaze sa nosa\u010dem.<\/em><\/p><p data-start=\"1005\" data-end=\"1177\">Tra\u017eite pripadaju\u0107e bu\u010dice? <a class=\"\" href=\"https:\/\/mightylu.com\/hr\/proizvod\/hexagonalne-bucice-4kg-35kg\/\" rel=\"noopener\" data-start=\"1206\" data-end=\"1251\">Pogledajte na\u0161u selekciju bu\u010dica ovdje.<\/a><\/p>\t\t\t\t\t\t\t\t<\/div>\n\t\t\t\t<\/div>\n\t\t\t\t\t<\/div>\n\t\t\t\t<\/div>\n\t\t\t\t<\/div>","protected":false},"excerpt":{"rendered":"<p><strong>Maksimiziraj raznolikost svog treninga<\/strong><\/p>\n<p>Organiziraj svoju teretanu uz \u010dvrsti <strong data-start=\"248\" data-end=\"270\">Zidni nosa\u010d za bu\u010dice<\/strong>. Izra\u0111en od \u010delika debljine 3 mm s crnim pra\u0161kastim premazom i za\u0161titnim podlogama koje \u0161tite i bu\u010dice i nosa\u010d. Prodaje se po komadu \u2013 dr\u017ei 1 par bu\u010dica (do 30\u202fkg po bu\u010dici). Modularni dizajn omogu\u0107uje slaganje po \u017eelji.<\/p>\n<p>Dimenzije bu\u010dica: ru\u010dka du\u017eina do 11,5cm i promjer ru\u010dke 37-26mm<\/p>\n<p>Bu\u010dice nisu uklju\u010dene.<\/p>","protected":false},"featured_media":3971,"comment_status":"open","ping_status":"closed","template":"","meta":[],"product_brand":[],"product_cat":[39],"product_tag":[],"class_list":{"0":"post-3970","1":"product","2":"type-product","3":"status-publish","4":"has-post-thumbnail","6":"product_cat-storage-solutions","7":"product_shipping_class-light-1","9":"first","10":"outofstock","11":"featured","12":"taxable","13":"shipping-taxable","14":"purchasable","15":"product-type-simple"},"jetpack_sharing_enabled":true,"_links":{"self":[{"href":"https:\/\/mightylu.com\/hr\/wp-json\/wp\/v2\/product\/3970","targetHints":{"allow":["GET"]}}],"collection":[{"href":"https:\/\/mightylu.com\/hr\/wp-json\/wp\/v2\/product"}],"about":[{"href":"https:\/\/mightylu.com\/hr\/wp-json\/wp\/v2\/types\/product"}],"replies":[{"embeddable":true,"href":"https:\/\/mightylu.com\/hr\/wp-json\/wp\/v2\/comments?post=3970"}],"version-history":[{"count":13,"href":"https:\/\/mightylu.com\/hr\/wp-json\/wp\/v2\/product\/3970\/revisions"}],"predecessor-version":[{"id":3995,"href":"https:\/\/mightylu.com\/hr\/wp-json\/wp\/v2\/product\/3970\/revisions\/3995"}],"wp:featuredmedia":[{"embeddable":true,"href":"https:\/\/mightylu.com\/hr\/wp-json\/wp\/v2\/media\/3971"}],"wp:attachment":[{"href":"https:\/\/mightylu.com\/hr\/wp-json\/wp\/v2\/media?parent=3970"}],"wp:term":[{"taxonomy":"product_brand","embeddable":true,"href":"https:\/\/mightylu.com\/hr\/wp-json\/wp\/v2\/product_brand?post=3970"},{"taxonomy":"product_cat","embeddable":true,"href":"https:\/\/mightylu.com\/hr\/wp-json\/wp\/v2\/product_cat?post=3970"},{"taxonomy":"product_tag","embeddable":true,"href":"https:\/\/mightylu.com\/hr\/wp-json\/wp\/v2\/product_tag?post=3970"}],"curies":[{"name":"wp","href":"https:\/\/api.w.org\/{rel}","templated":true}]}}