{"id":2791,"date":"2024-11-27T13:21:34","date_gmt":"2024-11-27T12:21:34","guid":{"rendered":"https:\/\/mightylu.com\/?post_type=product&#038;p=2791"},"modified":"2025-04-22T13:26:14","modified_gmt":"2025-04-22T11:26:14","slug":"hexagonalne-bucice-4kg-35kg","status":"publish","type":"product","link":"https:\/\/mightylu.com\/hr\/product\/hexagonal-dumbbells-4kg-35kg\/","title":{"rendered":"Hex gumirane bu\u010dice 5kg-35kg"},"content":{"rendered":"<div data-elementor-type=\"wp-post\" data-elementor-id=\"2791\" class=\"elementor elementor-2791\">\n\t\t\t\t<div class=\"elementor-element elementor-element-799627a1 e-flex e-con-boxed e-con e-parent\" data-id=\"799627a1\" data-element_type=\"container\" data-e-type=\"container\">\n\t\t\t\t\t<div class=\"e-con-inner\">\n\t\t\t\t<div class=\"elementor-element elementor-element-224e7021 elementor-widget elementor-widget-text-editor\" data-id=\"224e7021\" data-element_type=\"widget\" data-e-type=\"widget\" data-widget_type=\"text-editor.default\">\n\t\t\t\t<div class=\"elementor-widget-container\">\n\t\t\t\t\t\t\t\t\t<h2 data-start=\"147\" data-end=\"240\"><strong data-start=\"147\" data-end=\"240\">Podignite svoje ku\u0107ne treninge na vi\u0161u razinu s Premium Hex Bu\u010dicama (4 kg \u2013 35 kg)<\/strong><\/h2><p class=\"\" data-start=\"242\" data-end=\"569\">Izgradite snagu, pobolj\u0161ajte kondiciju i unaprijedite svoju ku\u0107nu teretanu s na\u0161im premium hex bu\u010dicama, prodavanim u parovima i dizajniranim za po\u010detnike i napredne diza\u010de. Dostupne u cijelom rasponu te\u017eina od <strong data-start=\"459\" data-end=\"491\">4 kg do 35 kg (po paru)<\/strong>, savr\u0161en su izbor za sve va\u0161e ciljeve u treningu snage i fitnessu.<\/p><h2 data-start=\"571\" data-end=\"604\"><strong data-start=\"571\" data-end=\"604\">Za\u0161to odabrati na\u0161e Hex Bu\u010dice?<\/strong><\/h2><ul><li data-start=\"571\" data-end=\"604\"><strong data-start=\"608\" data-end=\"625\">Prodaju se u parovima<\/strong> \u2013 Idealno za uravnote\u017een trening i progresivno optere\u0107enje.<\/li><li data-start=\"571\" data-end=\"604\"><strong data-start=\"686\" data-end=\"706\">Ergonomska ru\u010dka<\/strong> \u2013 13 cm duga kromirana ru\u010dka s protukliznom, teksturiranom povr\u0161inom osigurava udobnost i kontrolu, \u010dak i tijekom intenzivnih treninga.<\/li><li data-start=\"571\" data-end=\"604\"><strong data-start=\"823\" data-end=\"847\">Protiv-rolanje Hex dizajn<\/strong> \u2013 \u0160esterokutni oblik dr\u017ei va\u0161e bu\u010dice sigurno na mjestu, sprje\u010davaju\u0107i nesre\u0107e i \u0161tite\u0107i va\u0161 pod.<\/li><li data-start=\"571\" data-end=\"604\"><strong data-start=\"961\" data-end=\"985\">Izdr\u017eljiva konstrukcija<\/strong> \u2013 Napravljene od \u010dvrstog lijevanog \u017eeljeza i prekriven debelim gumama za dugotrajan rad, smanjenje buke i za\u0161titu poda.<\/li><li data-start=\"571\" data-end=\"604\"><strong data-start=\"1114\" data-end=\"1130\">\u0160tednja prostora<\/strong> \u2013 Kompaktane i jednostavane za pohranu, savr\u0161en za ku\u0107ne teretane, gara\u017ee ili male fitness prostore.<\/li><\/ul><p>Bez obzira radite li potiske s utezima, biceps pregibe, iskorake, veslanje ili <a href=\"https:\/\/mensfitness.co.uk\/workouts\/home-dumbbell-hiit-workout\/\" target=\"_blank\" rel=\"noopener\"><strong data-start=\"1289\" data-end=\"1306\">HIIT treninge<\/strong><\/a>, ove bu\u010dice nude svestranost i pouzdanost koju trebate za u\u010dinkovit trening.<\/p><p class=\"\" data-start=\"1565\" data-end=\"1723\"><strong data-start=\"1565\" data-end=\"1581\">Savr\u0161eno za:<\/strong><br data-start=\"1581\" data-end=\"1584\" \/>\u2022 Trening snage<br data-start=\"1603\" data-end=\"1606\" \/>\u2022 Gubitak te\u017eine i kondiciju<br data-start=\"1636\" data-end=\"1639\" \/>\u2022 Funkcionalni fitness<br data-start=\"1659\" data-end=\"1662\" \/>\u2022 Trening sa progresivnim optere\u0107enjem<br data-start=\"1693\" data-end=\"1696\" \/>\u2022 Kompaktne ku\u0107ne teretane<\/p><p class=\"\" data-start=\"1725\" data-end=\"1907\">Unaprijedite svoju fitness igru s ovim visokokvalitetnim hex bu\u010dicama koje kombiniraju performanse, sigurnost i prakti\u010dnost. Naru\u010dite sada i po\u010dnite graditi ku\u0107nu teretanu koju ste oduvijek \u017eeljeli!<\/p><p class=\"\" data-start=\"1909\" data-end=\"2066\">\u00a0Trebate savjete o tome kako u\u010dinkovito pohraniti svoje bu\u010dice? Pogledajte na\u0161 blog post ovdje <strong data-start=\"1966\" data-end=\"2003\"><a class=\"\" href=\"#https:\/\/mightylu.com\/dumbbell-storage-ideas-for-your-home-gym\/\" rel=\"noopener\" data-start=\"1992\" data-end=\"2001\">ovdje<\/a><\/strong> gdje dijelimo pametne ideje za pohranu u ku\u0107nim teretanama svih veli\u010dina.<\/p>\t\t\t\t\t\t\t\t<\/div>\n\t\t\t\t<\/div>\n\t\t\t\t\t<\/div>\n\t\t\t\t<\/div>\n\t\t\t\t<\/div>","protected":false},"excerpt":{"rendered":"<p>Vrhunske \u0161esterokutne bu\u010dice koje se prodaju u paru, imaju ergonomsku ru\u010dku od 13 cm za siguran hvat. Dostupne u te\u017einama od 4 kg do 35 kg (te\u017eina po bu\u010dici), savr\u0161ene su za treninge snage, kondicioniranje i ku\u0107ne teretane. Izdr\u017eljiv dizajn protiv kotrljanja za sigurnost i prakti\u010dnost.<\/p>\n<p>Vrijeme isporuke: 5-10 radnih dana<\/p>","protected":false},"featured_media":2792,"comment_status":"open","ping_status":"closed","template":"","meta":[],"product_brand":[],"product_cat":[67,43],"product_tag":[],"class_list":{"0":"post-2791","1":"product","2":"type-product","3":"status-publish","4":"has-post-thumbnail","6":"product_cat-dumbbells","7":"product_cat-home-gym-sets","9":"first","10":"instock","11":"taxable","12":"shipping-taxable","13":"product-type-grouped"},"jetpack_sharing_enabled":true,"_links":{"self":[{"href":"https:\/\/mightylu.com\/hr\/wp-json\/wp\/v2\/product\/2791","targetHints":{"allow":["GET"]}}],"collection":[{"href":"https:\/\/mightylu.com\/hr\/wp-json\/wp\/v2\/product"}],"about":[{"href":"https:\/\/mightylu.com\/hr\/wp-json\/wp\/v2\/types\/product"}],"replies":[{"embeddable":true,"href":"https:\/\/mightylu.com\/hr\/wp-json\/wp\/v2\/comments?post=2791"}],"version-history":[{"count":10,"href":"https:\/\/mightylu.com\/hr\/wp-json\/wp\/v2\/product\/2791\/revisions"}],"predecessor-version":[{"id":3794,"href":"https:\/\/mightylu.com\/hr\/wp-json\/wp\/v2\/product\/2791\/revisions\/3794"}],"wp:featuredmedia":[{"embeddable":true,"href":"https:\/\/mightylu.com\/hr\/wp-json\/wp\/v2\/media\/2792"}],"wp:attachment":[{"href":"https:\/\/mightylu.com\/hr\/wp-json\/wp\/v2\/media?parent=2791"}],"wp:term":[{"taxonomy":"product_brand","embeddable":true,"href":"https:\/\/mightylu.com\/hr\/wp-json\/wp\/v2\/product_brand?post=2791"},{"taxonomy":"product_cat","embeddable":true,"href":"https:\/\/mightylu.com\/hr\/wp-json\/wp\/v2\/product_cat?post=2791"},{"taxonomy":"product_tag","embeddable":true,"href":"https:\/\/mightylu.com\/hr\/wp-json\/wp\/v2\/product_tag?post=2791"}],"curies":[{"name":"wp","href":"https:\/\/api.w.org\/{rel}","templated":true}]}}