{"id":2401,"date":"2024-10-18T14:35:39","date_gmt":"2024-10-18T12:35:39","guid":{"rendered":"https:\/\/mightylu.com\/?post_type=product&#038;p=2401"},"modified":"2025-11-06T09:11:42","modified_gmt":"2025-11-06T08:11:42","slug":"super-teski-set-za-kucnu-teretanu","status":"publish","type":"product","link":"https:\/\/mightylu.com\/hr\/product\/super-heavyweight-home-gym-set\/","title":{"rendered":"Super te\u0161ki set za ku\u0107nu teretanu"},"content":{"rendered":"<div data-elementor-type=\"wp-post\" data-elementor-id=\"2401\" class=\"elementor elementor-2401\">\n\t\t\t\t<div class=\"elementor-element elementor-element-d4199df e-flex e-con-boxed e-con e-parent\" data-id=\"d4199df\" data-element_type=\"container\" data-e-type=\"container\">\n\t\t\t\t\t<div class=\"e-con-inner\">\n\t\t\t\t<div class=\"elementor-element elementor-element-2914ead2 elementor-widget elementor-widget-text-editor\" data-id=\"2914ead2\" data-element_type=\"widget\" data-e-type=\"widget\" data-widget_type=\"text-editor.default\">\n\t\t\t\t<div class=\"elementor-widget-container\">\n\t\t\t\t\t\t\t\t\t<h2 data-pm-slice=\"1 1 []\"><strong>Super te\u0161ki set za ku\u0107nu teretanu \u2013 Ozbiljna snaga u kompaktnom izdanju<\/strong><\/h2><p>Ako si spreman podi\u0107i svoj trening snage na najvi\u0161u razinu, Super te\u0161ki set za ku\u0107nu teretanu tvoje je idealno rje\u0161enje za ozbiljno vje\u017ebanje kod ku\u0107e. Dizajniran za iskusne diza\u010de i predane sporta\u0161e, ovaj sve-u-jednom<em> set<\/em> za ku\u0107nu teretanu pru\u017ea sna\u017eno optere\u0107enje, profesionalnu opremu i fleksibilnost da trenira\u0161 kad god po\u017eeli\u0161\u2014bez potrebe za glomaznim spravama ili \u010dlanstvom u teretani.<\/p><p>Ovaj napredni komplet uklju\u010duje 4 para te\u0161kih heksagonalnih bu\u010dica ukupne te\u017eine 170 kg, vrhunsku sklopivu klupu, adapter za pretvaranje bu\u010dica u \u0161ipku i zidni nosa\u010d za uredno skladi\u0161tenje. Bilo da ti je cilj hipertrofija, maksimalna snaga ili izvedbeni trening, ovaj set podr\u017eava tvoje ciljeve kroz kvalitetu, prakti\u010dnost i kompaktnost.<\/p><p><strong>\u0160to uklju\u010duje Super te\u0161ki set za ku\u0107nu teretanu:<\/strong><\/p><ul data-spread=\"true\"><li><p><strong>MightyRock sklopiva klupa za vje\u017ebanje (1 kom)<\/strong> \u2013 Dizajnirana za one koji tra\u017ee \u010dvrsto\u0107u i stabilnost, ova klupa ima gustu podstavu debljine 50 mm i nosivost do 500 kg. Ono \u0161to je \u010dini posebnom je ultra-tanki profil od samo 9,5 cm kada je sklopljena, \u0161to omogu\u0107uje jednostavno spremanje ispod kreveta ili vertikalno na zid pomo\u0107u prilo\u017eenog nosa\u010da. Oja\u010dane \u010deli\u010dne noge i magnetni pin sustav za brzo sastavljanje jam\u010de performanse profesionalne razine u ku\u0107nim uvjetima. <a href=\"https:\/\/mightylu.com\/hr\/proizvod\/mightyrock-sklopiva-klupa-za-vjezbanje\/\">[Saznaj vi\u0161e o MightyRock klupi ovdje.]<\/a><\/p><\/li><li><p><strong>Konverter bu\u010dica u \u0161ipku<\/strong> \u2013 Pretvori svoje bu\u010dice u \u0161ipku u samo nekoliko sekundi. Ovaj alat od \u010delika visoke \u010dvrsto\u0107e osmi\u0161ljen je za napredne vje\u017eba\u010de i omogu\u0107uje izvo\u0111enje slo\u017eenih vje\u017ebi poput \u010du\u010dnjeva, mrtvog dizanja i potisaka. Protuklizne ru\u010dke i poja\u010dani spojni elementi jam\u010de sigurnost i stabilnost \u010dak i pri velikim optere\u0107enjima\u2014idealno za raznolike treninge u malom prostoru.<\/p><\/li><li><p><strong>Standardne heksagonalne bu\u010dice (4 para)<\/strong> \u2013 Uklju\u010deni su parovi od 12,5 kg, 17,5 kg, 25 kg i 30 kg bu\u010dica, ukupne te\u017eine 170 kg. Gumirani sloj ubla\u017eava udarce i \u0161titi pod, dok heksagonalni oblik sprje\u010dava kotrljanje. Ergonomske ru\u010dke osiguravaju \u010dvrst hvat, \u010dak i tijekom intenzivnih serija. Trening bu\u010dicama omogu\u0107uje razvoj snage na svakoj strani tijela zasebno, ispravlja mi\u0161i\u0107ne disbalanse i ja\u010da funkcionalnu snagu.<\/p><\/li><\/ul><p><strong>Za\u0161to odabrati Super te\u0161ki set za ku\u0107nu teretanu?<\/strong><\/p><ul data-spread=\"false\"><li><p><strong>Za ozbiljne diza\u010de :<\/strong> Ovaj set je stvoren za one koji ciljaju hipertrofiju i maksimalnu snagu uz te\u017eine koje to doista omogu\u0107uju.<\/p><\/li><li><p><strong>Kompaktan i prakti\u010dan :<\/strong> Iako je rije\u010d o opremi za ozbiljan trening, svaki element je optimiziran za u\u0161tedu prostora. Klupa se sklapa, bu\u010dice se sla\u017eu, a nosa\u010d omogu\u0107uje uredno skladi\u0161tenje na zidu.<\/p><\/li><li><p><strong>Pametniji trening kod ku\u0107e:<\/strong> Zaboravi na \u010dekanje u redovima i gu\u017eve u teretani. Treniraj kad god po\u017eeli\u0161, na svom terenu.<\/p><\/li><li><p><strong>Raznoliki treninzi :<\/strong> Adapter za \u0161ipku otvara dodatne mogu\u0107nosti treninga\u2014kombiniraj prednosti bu\u010dica i \u0161ipke u jednoj ku\u0107noj rutini.<\/p><\/li><li><p><strong>Dugoro\u010dna vrijednost:<\/strong> U\u0161tedi 5% kupnjom kompleta u odnosu na pojedina\u010dne artikle i dugoro\u010dno \u0161tedi na \u010dlanarinama.<\/p><\/li><\/ul><p><strong>Napreduj bez ograni\u010denja<\/strong> <a href=\"https:\/\/cathe.com\/strength-training-why-consistency-matters-more-than-how-much-weight-you-lift\/\" target=\"_blank\" rel=\"noopener\">Dosljednost je klju\u010d<\/a> uspjeha u razvoju snage, a kvalitetan set za ku\u0107nu teretanu omogu\u0107uje ti upravo to\u2014bez kompromisa. Super te\u0161ki set za ku\u0107nu teretanu pru\u017ea ti sve \u0161to treba\u0161 za sna\u017ene treninge usmjerene na snagu, veli\u010dinu i izvedbu. Prilago\u0111ava se tvojem napretku i podr\u017eava dugoro\u010dne planove treninga.<\/p><p>Bez obzira radi\u0161 li superserije, piramidalne serije ili izolacijske vje\u017ebe, ovaj set prati tvoj trud i pretvara ga u rezultate. Fleksibilnost bu\u010dica i snaga \u0161ipke dostupni su ti u jednom kompaktnom rje\u0161enju.<\/p><p><strong>Savr\u0161en izbor za napredne ku\u0107ne teretane<\/strong> Ako \u017eeli\u0161 nadograditi postoje\u0107u postavu ili odmah krenuti ozbiljno, ovaj set ispunjava sve uvjete. Namijenjen je onima koji ozbiljno shva\u0107aju svoje ciljeve i tra\u017ee pouzdanu opremu profesionalne razine koja ne\u0107e zauzeti previ\u0161e prostora. Od sporta\u0161a do bodybuildera i entuzijasta\u2014Super te\u0161ki set za ku\u0107nu teretanu donosi ravnote\u017eu izme\u0111u performansi i prakti\u010dnosti.<\/p><p>Pretvori svoj prostor u zonu za trening visoke razine uz Super te\u0161ki set za ku\u0107nu teretanu\u2014gdje se ozbiljna snaga susre\u0107e s pametnim dizajnom.<\/p><div><hr \/><\/div>\t\t\t\t\t\t\t\t<\/div>\n\t\t\t\t<\/div>\n\t\t\t\t\t<\/div>\n\t\t\t\t<\/div>\n\t\t\t\t<\/div>","protected":false},"excerpt":{"rendered":"<p>Izgradite ozbiljne mi\u0161i\u0107e kod ku\u0107e s ovim naprednim kompletom za teretanu koji \u0161tedi prostor. Uklju\u010duje MightyRock klupu, najkompaktniju sklopivu klupu za vje\u017ebanje na svijetu, konverter bu\u010dica u \u0161ipku, zidni nosa\u010d i 4 para hex gumiranih bu\u010dica (12,5 kg, 17,5 kg, 25 kg, 30 kg). Savr\u0161eno za napredne diza\u010de koji ciljaju na rast mi\u0161i\u0107a i trening snage kod ku\u0107e\u2014plus, u\u0161tedite 5% u usporedbi s kupnjom pojedina\u010dnih artikala!<\/p>\n<p>Vrijeme isporuke: 5-10 radnih dana<\/p>\n<p>Set uklju\u010duje:<\/p>\n<ul>\n<li>MightyRock sklopiva bench klupa za vje\u017ebanje 1kom<\/li>\n<li>Konverter bu\u010dica u \u0161ipku 1kom<\/li>\n<li>Zidni nosa\u010d<\/li>\n<li>4 para standardnih hex gumiranih bu\u010dica: <strong>1 par 12,5kg<\/strong>, <strong>1 par 17,5kg<\/strong>, <strong>1 par 25kg<\/strong> i <strong>1 par 30kg<\/strong><\/li>\n<\/ul>\n<p>Napomena:<\/p>\n<ul>\n<li>Plasti\u010dna matica mo\u017ee do\u0107i u naran\u010dastoj ili crnoj boji.<\/li>\n<li>Brend bu\u010dica: Blue Gym ili drugi proizvo\u0111a\u010d<\/li>\n<li>Bu\u010dice se dostavljaju odvojeno zbog njihove ukupne mase<\/li>\n<\/ul>","protected":false},"featured_media":2403,"comment_status":"open","ping_status":"closed","template":"","meta":[],"product_brand":[],"product_cat":[43],"product_tag":[],"class_list":{"0":"post-2401","1":"product","2":"type-product","3":"status-publish","4":"has-post-thumbnail","6":"product_cat-home-gym-sets","7":"product_shipping_class-set","9":"first","10":"instock","11":"sale","12":"featured","13":"sold-individually","14":"taxable","15":"shipping-taxable","16":"purchasable","17":"product-type-simple"},"jetpack_sharing_enabled":true,"_links":{"self":[{"href":"https:\/\/mightylu.com\/hr\/wp-json\/wp\/v2\/product\/2401","targetHints":{"allow":["GET"]}}],"collection":[{"href":"https:\/\/mightylu.com\/hr\/wp-json\/wp\/v2\/product"}],"about":[{"href":"https:\/\/mightylu.com\/hr\/wp-json\/wp\/v2\/types\/product"}],"replies":[{"embeddable":true,"href":"https:\/\/mightylu.com\/hr\/wp-json\/wp\/v2\/comments?post=2401"}],"version-history":[{"count":10,"href":"https:\/\/mightylu.com\/hr\/wp-json\/wp\/v2\/product\/2401\/revisions"}],"predecessor-version":[{"id":4233,"href":"https:\/\/mightylu.com\/hr\/wp-json\/wp\/v2\/product\/2401\/revisions\/4233"}],"wp:featuredmedia":[{"embeddable":true,"href":"https:\/\/mightylu.com\/hr\/wp-json\/wp\/v2\/media\/2403"}],"wp:attachment":[{"href":"https:\/\/mightylu.com\/hr\/wp-json\/wp\/v2\/media?parent=2401"}],"wp:term":[{"taxonomy":"product_brand","embeddable":true,"href":"https:\/\/mightylu.com\/hr\/wp-json\/wp\/v2\/product_brand?post=2401"},{"taxonomy":"product_cat","embeddable":true,"href":"https:\/\/mightylu.com\/hr\/wp-json\/wp\/v2\/product_cat?post=2401"},{"taxonomy":"product_tag","embeddable":true,"href":"https:\/\/mightylu.com\/hr\/wp-json\/wp\/v2\/product_tag?post=2401"}],"curies":[{"name":"wp","href":"https:\/\/api.w.org\/{rel}","templated":true}]}}