{"id":2350,"date":"2024-10-18T12:25:52","date_gmt":"2024-10-18T10:25:52","guid":{"rendered":"https:\/\/mightylu.com\/?post_type=product&#038;p=2350"},"modified":"2025-11-06T09:12:42","modified_gmt":"2025-11-06T08:12:42","slug":"lagano-teski-set-za-kucnu-teretanu","status":"publish","type":"product","link":"https:\/\/mightylu.com\/hr\/product\/lightweight-home-gym-set\/","title":{"rendered":"Lagano te\u0161ki set za ku\u0107nu teretanu"},"content":{"rendered":"<div data-elementor-type=\"wp-post\" data-elementor-id=\"2350\" class=\"elementor elementor-2350\">\n\t\t\t\t<div class=\"elementor-element elementor-element-d4199df e-flex e-con-boxed e-con e-parent\" data-id=\"d4199df\" data-element_type=\"container\" data-e-type=\"container\">\n\t\t\t\t\t<div class=\"e-con-inner\">\n\t\t\t\t<div class=\"elementor-element elementor-element-2914ead2 elementor-widget elementor-widget-text-editor\" data-id=\"2914ead2\" data-element_type=\"widget\" data-e-type=\"widget\" data-widget_type=\"text-editor.default\">\n\t\t\t\t<div class=\"elementor-widget-container\">\n\t\t\t\t\t\t\t\t\t<h2 data-pm-slice=\"1 1 []\"><strong>Lagano te\u0161ki set za ku\u0107nu teretanu \u2013 Najbolje rje\u0161enje za u\u0161tedu prostora<\/strong><\/h2><p>Optimiziraj svoj ku\u0107ni prostor za trening uz ovaj kompaktan set za vje\u017ebanje, dizajniran za maksimalnu fleksibilnost bez zauzimanja puno prostora. Idealan za lagani trening snage, izdr\u017eljivost i treninge s <a href=\"https:\/\/www.surge-fit.com\/post\/the-benefits-of-high-rep-training-why-it-s-less-debilitating-on-the-body\" target=\"_blank\" rel=\"noopener\">mnogo ponavljanja<\/a>\u2013 savr\u0161en za sve koji \u017eele ostati u formi uz minimalnu opremu.<\/p>\t\t\t\t\t\t\t\t<\/div>\n\t\t\t\t<\/div>\n\t\t\t\t\t<\/div>\n\t\t\t\t<\/div>\n\t\t<div class=\"elementor-element elementor-element-0e8e218 e-flex e-con-boxed e-con e-parent\" data-id=\"0e8e218\" data-element_type=\"container\" data-e-type=\"container\">\n\t\t\t\t\t<div class=\"e-con-inner\">\n\t\t\t\t<div class=\"elementor-element elementor-element-a5237a0 elementor-widget elementor-widget-text-editor\" data-id=\"a5237a0\" data-element_type=\"widget\" data-e-type=\"widget\" data-widget_type=\"text-editor.default\">\n\t\t\t\t<div class=\"elementor-widget-container\">\n\t\t\t\t\t\t\t\t\t<p><strong>Set sadr\u017ei:<\/strong><\/p><ul data-spread=\"false\"><li><p><strong>MightyRock sklopiva klupa za vje\u017ebanje (1 kom)<\/strong> \u2013 Najkompaktnija sklopiva klupa na svijetu s 50\u202fmm debelom premium podstavom za izdr\u017eljivost i udobnost. Moderan dizajn omogu\u0107uje jednostavno sklapanje, a uklju\u010duje i <strong>Zidni nosa\u010d<\/strong> za vertikalno spremanje na zid. Iako izuzetno tanka, izra\u0111ena je od \u010deli\u010dnih nogu debljine 5\u202fmm industrijske \u010dvrsto\u0107e i podr\u017eava do 500\u202fkg te\u017eine, pru\u017eaju\u0107i odli\u010dnu stabilnost i sigurnost pri vje\u017ebanju. Sklapanje je intuitivno uz magnetske sigurnosne pinove, a kada je sklopljena, klupa ima visinu od samo 9,5\u202fcm \u2013 lako se sprema ispod kreveta, iza vrata ili izme\u0111u ormara.\u00a0<a href=\"https:\/\/mightylu.com\/hr\/proizvod\/mightyrock-sklopiva-klupa-za-vjezbanje\/\">[Saznaj vi\u0161e o MightyRock sklopivoj klupi ovdje.]<\/a><\/p><\/li><li><p><strong><a href=\"https:\/\/mightylu.com\/hr\/proizvod\/konverter-bucica-u-sipku-2\/\">Konverter bu\u010dica u \u0161ipku<\/a> (1kom)<\/strong>\u2013 Ovaj svestrani dodatak pretvara tvoje postoje\u0107e bu\u010dice u funkcionalnu \u0161ipku. Jednostavno pri\u010dvrsti bu\u010dice s obje strane i izvodi vje\u017ebe poput bench pressa, mrtvog dizanja ili \u010du\u010dnjeva \u2013 bez potrebe za zasebnim setom \u0161ipki. Izra\u0111en od \u010delika visoke \u010dvrsto\u0107e, s protukliznim rukohvatima i oja\u010danim spojevima za dodatnu sigurnost i stabilnost. Adapter omogu\u0107uje ve\u0107u raznolikost u treningu, \u0161tedi prostor i odgovara ve\u0107ini standardnih bu\u010dica \u2013 neizostavan dodatak za svaki kompaktni ku\u0107ni gym.<\/p><\/li><li><p><strong>Standardne heksagonalne bu\u010dice (4 para)<\/strong>\u2013 Uklju\u010duje parove od 4\u202fkg, 8\u202fkg, 10\u202fkg i 15\u202fkg. Ovi utezi nude odli\u010dan raspon za lagano vje\u017ebanje, toniranje mi\u0161i\u0107a i kondicijske treninge. Trening bu\u010dicama razvija funkcionalnu snagu, pobolj\u0161ava ravnote\u017eu i koordinaciju te aktivira stabilizacijske mi\u0161i\u0107e vi\u0161e nego sprave ili \u0161ipke. \u0160esterokutni oblik sprje\u010dava kotrljanje, osigurava sigurnost i prakti\u010dnost, dok gumeni premaz \u0161titi podove i smanjuje buku \u2013 idealno za ku\u0107nu upotrebu.<\/p><\/li><\/ul><p><strong>Za\u0161to odabrati Lagano te\u0161ki set za ku\u0107nu teretanu?<\/strong><\/p><ul data-spread=\"false\"><li><p><strong>Kompaktan i u\u010dinkovit:<\/strong> Svaka komponenta odabrana je s ograni\u010denim prostorom na umu \u2013 od sklopive klupe koja stane ispod namje\u0161taja ili se objesi na zid, do bu\u010dica koje se mogu uredno slo\u017eiti. Savr\u0161en izbor za stanove, male prostore ili dijeljene \u017eivotne prostore.<\/p><\/li><li><p><strong>Izuzetno svestran:<\/strong> S adapterom za bu\u010dice i razli\u010ditim te\u017einama mo\u017ee\u0161 izvoditi \u010ditav niz vje\u017ebi za gornji i donji dio tijela.<\/p><\/li><li><p><strong>Isplativ:<\/strong> U\u0161tedi 5\u202f% u odnosu na kupnju svakog artikla zasebno \u2013 izvrsna vrijednost za po\u010detnike i iskusne entuzijaste.<\/p><\/li><li><p><strong>Idealan za trening s puno ponavljanja:<\/strong> Laganije bu\u010dice savr\u0161ene su za toniranje, izdr\u017eljivost i funkcionalni fitness.<\/p><\/li><li><p><strong>Vrhunska izrada:<\/strong> Unato\u010d svojoj lako\u0107i, klupa MightyRock ima nosivost do 500\u202fkg i nudi vode\u0107u stabilnost u svojoj klasi.<\/p><\/li><\/ul><p data-pm-slice=\"1 1 []\"><strong>Pametno zapo\u010dni \u2013 izgradi svoj set za ku\u0107nu teretanu kako treba<\/strong> -Posjedovanje vlastitog seta za ku\u0107no vje\u017ebanje daje ti slobodu da trenira\u0161 kada \u017eeli\u0161 \u2013 bez gubljenja vremena na putovanja ili skupe \u010dlanarine. To je dugoro\u010dna investicija u tvoje zdravlje, udobnost i stil \u017eivota. Lagan ku\u0107ni set za vje\u017ebanje idealna je po\u010detna to\u010dka \u2013 kompaktan, jednostavan za kori\u0161tenje i dovoljno fleksibilan za razli\u010dite vje\u017ebe. Kako tvoji ciljevi rastu, lako ga mo\u017ee\u0161 nadograditi te\u017eim bu\u010dicama ili dodatnom opremom. Rje\u0161enje koje raste s tobom.<\/p><p>Ovaj ku\u0107ni set idealan je kao po\u010detni paket ili za u\u0161tedu prostora \u2013 za svakoga tko \u017eeli u\u010dinkovito trenirati kod ku\u0107e bez glomazne i skupe opreme.<\/p>\t\t\t\t\t\t\t\t<\/div>\n\t\t\t\t<\/div>\n\t\t\t\t\t<\/div>\n\t\t\t\t<\/div>\n\t\t\t\t<\/div>","protected":false},"excerpt":{"rendered":"<p>Optimiziraj svoj ku\u0107ni prostor za vje\u017ebanje uz ovaj kompaktan i povoljan set za ku\u0107nu teretanu koji uklju\u010duje MightyRock klupu za vje\u017ebanje \u2013 najkompaktniju sklopivu klupu na svijetu. U setu se nalazi i svestrani adapter za pretvaranje bu\u010dica u \u0161ipku, nosa\u010d za zidno vje\u0161anje te 4 para heksagonalnih bu\u010dica (5\u202fkg, 7,5\u202fkg, 10\u202fkg i 15\u202fkg). Savr\u0161en za lagane treninge, kondiciju i vje\u017ebe s mnogo ponavljanja, ovaj set je idealan za sve koji \u017eele ostati u formi bez \u017ertvovanja prostora \u2013 i u\u0161tedi\u0161 5\u202f% u odnosu na kupnju pojedina\u010dnih proizvoda!<\/p>\n<p>Vrijeme isporuke: 5-10 radnih dana<\/p>\n<p>Set uklju\u010duje:<\/p>\n<ul>\n<li>MightyRock sklopiva bench klupa za vje\u017ebanje 1kom<\/li>\n<li>Konverter bu\u010dica u \u0161ipku 1kom<\/li>\n<li>Zidni nosa\u010d<\/li>\n<li>4 para standardnih hex gumiranih bu\u010dica: <strong>1par 5kg<\/strong>, <strong>1par 7,5kg<\/strong>, <strong>1 par 10kg<\/strong> i <strong>1par 15kg<\/strong><\/li>\n<\/ul>\n<p>Napomena:<\/p>\n<ul>\n<li>Plasti\u010dna matica mo\u017ee do\u0107i u naran\u010dastoj ili crnoj boji.<\/li>\n<li>Brend bu\u010dica: Blue Gym ili drugi proizvo\u0111a\u010d<\/li>\n<li>Bu\u010dice se dostavljaju odvojeno zbog njihove ukupne mase<\/li>\n<\/ul>","protected":false},"featured_media":2353,"comment_status":"open","ping_status":"closed","template":"","meta":[],"product_brand":[],"product_cat":[43],"product_tag":[],"class_list":{"0":"post-2350","1":"product","2":"type-product","3":"status-publish","4":"has-post-thumbnail","6":"product_cat-home-gym-sets","7":"product_shipping_class-set","9":"first","10":"instock","11":"sale","12":"featured","13":"sold-individually","14":"taxable","15":"shipping-taxable","16":"purchasable","17":"product-type-simple"},"jetpack_sharing_enabled":true,"_links":{"self":[{"href":"https:\/\/mightylu.com\/hr\/wp-json\/wp\/v2\/product\/2350","targetHints":{"allow":["GET"]}}],"collection":[{"href":"https:\/\/mightylu.com\/hr\/wp-json\/wp\/v2\/product"}],"about":[{"href":"https:\/\/mightylu.com\/hr\/wp-json\/wp\/v2\/types\/product"}],"replies":[{"embeddable":true,"href":"https:\/\/mightylu.com\/hr\/wp-json\/wp\/v2\/comments?post=2350"}],"version-history":[{"count":12,"href":"https:\/\/mightylu.com\/hr\/wp-json\/wp\/v2\/product\/2350\/revisions"}],"predecessor-version":[{"id":4147,"href":"https:\/\/mightylu.com\/hr\/wp-json\/wp\/v2\/product\/2350\/revisions\/4147"}],"wp:featuredmedia":[{"embeddable":true,"href":"https:\/\/mightylu.com\/hr\/wp-json\/wp\/v2\/media\/2353"}],"wp:attachment":[{"href":"https:\/\/mightylu.com\/hr\/wp-json\/wp\/v2\/media?parent=2350"}],"wp:term":[{"taxonomy":"product_brand","embeddable":true,"href":"https:\/\/mightylu.com\/hr\/wp-json\/wp\/v2\/product_brand?post=2350"},{"taxonomy":"product_cat","embeddable":true,"href":"https:\/\/mightylu.com\/hr\/wp-json\/wp\/v2\/product_cat?post=2350"},{"taxonomy":"product_tag","embeddable":true,"href":"https:\/\/mightylu.com\/hr\/wp-json\/wp\/v2\/product_tag?post=2350"}],"curies":[{"name":"wp","href":"https:\/\/api.w.org\/{rel}","templated":true}]}}