{"id":574,"date":"2024-02-06T15:23:26","date_gmt":"2024-02-06T14:23:26","guid":{"rendered":"https:\/\/mightylu.com\/?page_id=574"},"modified":"2024-06-03T13:53:40","modified_gmt":"2024-06-03T11:53:40","slug":"shipping","status":"publish","type":"page","link":"https:\/\/mightylu.com\/hr\/shipping\/","title":{"rendered":"Dostava"},"content":{"rendered":"<p><\/p>\n\n\n\n<p>Zadovoljstvo nam je ponuditi usluge dostave iz Hrvatske u sljede\u0107e zemlje: Hrvatska, Slovenija, Austrija, Njema\u010dka, Italija, Francuska, \u010ce\u0161ka, Ma\u0111arska, Slova\u010dka, Belgija, Danska, Luksemburg, Nizozemska, Poljska, Portugal, \u0160panjolska, \u0160vedska, \u0160vicarska , i Norve\u0161ka.<\/p>\n\n\n\n<p><strong>Prihva\u0107anje Uvjeta kori\u0161tenja<\/strong><\/p>\n\n\n\n<p>Potvrdom narud\u017ebe kupac prihva\u0107a Uvjete kori\u0161tenja.<\/p>\n\n\n\n<p><strong>Otprema<\/strong><\/p>\n\n\n\n<p>Dostava unutar EU vr\u0161i se isklju\u010divo kurirskim slu\u017ebama DPD ili GLS. Kurirska slu\u017eba dostavlja po\u0161iljku na adresu kupca. Za dostavu unutar EU rok isporuke na adresu kupca je 1-10 radnih dana od dana uplate. Na\u017ealost, za neke otoke i slabo naseljena podru\u010dja dostava nije mogu\u0107a; u takvim slu\u010dajevima preuzimanje je mogu\u0107e na najbli\u017eem terminalu.<\/p>\n\n\n\n<p>Proizvodi se isporu\u010duju zapakirani u kartonsku ambala\u017eu kako se ne bi o\u0161tetili prilikom redovnog po\u0161tanskog transporta. Kupac je du\u017ean prilikom primitka provjeriti eventualna o\u0161te\u0107enja i odmah ih prijaviti dostavlja\u010du koji je robu dostavio ili odbiti primiti po\u0161iljku s vidljivim vanjskim o\u0161te\u0107enjima. Roba je osigurana od gubitka prilikom isporuke. Ukoliko kupac ni nakon predvi\u0111enog roka isporuke ne primi naru\u010denu robu ili obavijest o isporuci od prodavatelja, du\u017ean je o tome obavijestiti prodavatelja kako bi se poduzele radnje za lociranje po\u0161iljke ili slanje zamjenske.<\/p>\n\n\n\n<p><strong>Monta\u017ea<\/strong><\/p>\n\n\n\n<p>Ukoliko nije druga\u010dije unaprijed dogovoreno, svi proizvodi se dostavljaju na adresu kupca u originalnom pakiranju. Neke proizvode potrebno je sastaviti prije upotrebe. Proizvo\u0111a\u010d je predvidio da kupac izvr\u0161i monta\u017eu prema prilo\u017eenim uputama, a prodavatelj nije du\u017ean sastaviti proizvode. Kupac mo\u017ee o vlastitom tro\u0161ku naru\u010diti monta\u017eu proizvoda kod ovla\u0161tenog ili ugovornog servisa u svojoj blizini.<\/p>\n\n\n\n<p><strong>Nemogu\u0107nost isporuke od strane Prodavatelja<\/strong><\/p>\n\n\n\n<p>U slu\u010daju da prodavatelj nije u mogu\u0107nosti isporu\u010diti proizvod jer naru\u010denog proizvoda nema na zalihi ili ga vi\u0161e nije mogu\u0107e naru\u010diti od dobavlja\u010da, prodavatelj \u0107e o tome pisanim putem obavijestiti kupca. Kupac mo\u017ee otkazati narud\u017ebu ili eventualno prihvatiti novi rok isporuke. Ukoliko potro\u0161a\u010d odlu\u010di odustati od narud\u017ebe, prodavatelj \u0107e izvr\u0161iti povrat upla\u0107enog iznosa u najkra\u0107em mogu\u0107em roku, a najkasnije u roku od 30 dana od nastanka ka\u0161njenja, uve\u0107an za propisanu kamatu.<\/p>\n\n\n\n<p><strong>Jamstvo<\/strong><\/p>\n\n\n\n<p>U slu\u010daju kvara na proizvodu koji je obuhva\u0107en jamstvom, obvezujemo se popraviti ga u najkra\u0107em mogu\u0107em roku, a najkasnije u roku od 45 dana. Ako se proizvod ne mo\u017ee popraviti ili se ne popravi u roku od 45 dana, bit \u0107e zamijenjen novim. Ako popravak proizvoda traje du\u017ee od 10 dana, jamstvo se produljuje za vrijeme trajanja popravka.<\/p>\n\n\n\n<p>Radi pojednostavljenja procesa, u slu\u010daju reklamacije na odre\u0111eni artikal, po\u017eeljno je fotografirati cijeli o\u0161te\u0107eni artikal, jasno vidljiv detalj o\u0161te\u0107enja (iz vi\u0161e kutova), te serijski broj artikla (ako postoji).<\/p>\n\n\n\n<p>Ukoliko se nedostatak otkrije unutar 6 mjeseci od primitka kupljenog proizvoda, smatra se da je nedostatak postojao u trenutku kupnje.<\/p>\n\n\n\n<p>Materijalne nedostatke mo\u017eete reklamirati u roku od dvije godine, pod uvjetom da ste o nedostatku pravodobno obavijestili trgovca.<\/p>\n\n\n\n<p>Osigurajte da je reklamirani artikl vra\u0107en u stanju u kojem ste ga kupili.<\/p>\n\n\n\n<p>Kvar ili nedostatak unutar jamstvenog roka mo\u017eete prijaviti putem e-po\u0161te:<\/p>\n\n\n\n<p>Jamstvo vrijedi samo ako je proizvod kori\u0161ten i odr\u017eavan prema uputama proizvo\u0111a\u010da, odnosno prema op\u0107im propisima.<\/p>\n\n\n\n<p>Jamstvo ne pokriva \u0161tetu nastalu nestru\u010dnom uporabom, padovima, udarcima, udarcima, preoptere\u0107enjima ili intervencijama i popravcima tijekom jamstvenog roka od strane neovla\u0161tenih servisera ili kao posljedica lo\u0161eg odr\u017eavanja i skladi\u0161tenja artikla.<\/p>\n\n\n\n<p>Jamstvo ne pokriva standardno habanje potro\u0161nog materijala kao \u0161to su kabeli, gumene podloge, prijenosni remeni, presvlake, elasti\u010dne trake, u\u017ead, spojni materijal, gumbi, sajle, tapicirung itd.<\/p>\n\n\n\n<p>Za sve \u017ealbene postupke potreban je ra\u010dun kao dokaz kupnje.<\/p>\n\n\n\n<p>Za bilo koju stavku koja \u0107e biti popravljena ili zamijenjena pod jamstvom, razdoblje jamstva \u0107e se produljiti za razdoblje u kojem je stavka bila na popravku.<\/p>\n\n\n\n<p>Ako se predmet koristi u svrhe ili aktivnosti za koje nije namijenjen, \u010dime se zna\u010dajno smanjuje njegov \u017eivotni vijek, nije pokriven jamstvom.<\/p>\n\n\n\n<p>Zadr\u017eavamo pravo naplate popravaka ako zahtjev za reklamaciju nije odobren iz bilo kojeg od gore navedenih razloga.<\/p>\n\n\n\n<p>Ukoliko popravak\/zamjena artikla nije mogu\u0107, zadr\u017eavamo pravo ponuditi zamjenski artikl iste ili ve\u0107e vrijednosti, ili ako zamjena nije mogu\u0107a, vratiti dio novca razmjeran preostalom o\u010dekivanom vijeku trajanja artikla. .<\/p>\n\n\n\n<p>Uvijek odr\u017eavajte i popravljajte predmet strogo u skladu s uputama proizvo\u0111a\u010da, ina\u010de se predmet mo\u017ee o\u0161tetiti, \u0161to mo\u017ee uzrokovati ozbiljnu nesre\u0107u.<\/p>","protected":false},"excerpt":{"rendered":"<p>We are pleased to offer shipping services from Croatia to the following countries: Croatia, Slovenia, Austria, Germany, Italy, France, Czech Republic, Hungary, Slovakia, Belgium, Denmark, Luxembourg, Netherlands, Poland, Portugal, Spain, Sweden, Switzerland, and Norway. Acceptance of Terms of Use By confirming the order, the customer accepts the Terms of Use. Dispatch Shipping within EU is [&hellip;]<\/p>\n","protected":false},"author":1,"featured_media":0,"parent":0,"menu_order":0,"comment_status":"closed","ping_status":"closed","template":"","meta":{"footnotes":""},"class_list":["post-574","page","type-page","status-publish","hentry"],"blocksy_meta":[],"jetpack_sharing_enabled":true,"_links":{"self":[{"href":"https:\/\/mightylu.com\/hr\/wp-json\/wp\/v2\/pages\/574","targetHints":{"allow":["GET"]}}],"collection":[{"href":"https:\/\/mightylu.com\/hr\/wp-json\/wp\/v2\/pages"}],"about":[{"href":"https:\/\/mightylu.com\/hr\/wp-json\/wp\/v2\/types\/page"}],"author":[{"embeddable":true,"href":"https:\/\/mightylu.com\/hr\/wp-json\/wp\/v2\/users\/1"}],"replies":[{"embeddable":true,"href":"https:\/\/mightylu.com\/hr\/wp-json\/wp\/v2\/comments?post=574"}],"version-history":[{"count":0,"href":"https:\/\/mightylu.com\/hr\/wp-json\/wp\/v2\/pages\/574\/revisions"}],"wp:attachment":[{"href":"https:\/\/mightylu.com\/hr\/wp-json\/wp\/v2\/media?parent=574"}],"curies":[{"name":"wp","href":"https:\/\/api.w.org\/{rel}","templated":true}]}}