{"id":559,"date":"2024-02-06T15:00:27","date_gmt":"2024-02-06T14:00:27","guid":{"rendered":"https:\/\/mightylu.com\/?page_id=559"},"modified":"2024-11-04T15:49:51","modified_gmt":"2024-11-04T14:49:51","slug":"return-policy","status":"publish","type":"page","link":"https:\/\/mightylu.com\/hr\/return-policy\/","title":{"rendered":"Povrat robe"},"content":{"rendered":"<div data-elementor-type=\"wp-page\" data-elementor-id=\"559\" class=\"elementor elementor-559\">\n\t\t\t\t<div class=\"elementor-element elementor-element-a5794ef e-flex e-con-boxed e-con e-parent\" data-id=\"a5794ef\" data-element_type=\"container\" data-e-type=\"container\">\n\t\t\t\t\t<div class=\"e-con-inner\">\n\t\t\t\t<div class=\"elementor-element elementor-element-7439e1e8 elementor-widget elementor-widget-text-editor\" data-id=\"7439e1e8\" data-element_type=\"widget\" data-e-type=\"widget\" data-widget_type=\"text-editor.default\">\n\t\t\t\t<div class=\"elementor-widget-container\">\n\t\t\t\t\t\t\t\t\t\n<p><strong>Pravo na povrat<\/strong><\/p>\n\n<p>Ukoliko iz bilo kojeg razloga niste zadovoljni kupnjom, imate pravo vratiti proizvod ili jednostrano raskinuti ugovor u roku od 14 dana, sukladno Zakonu o za\u0161titi potro\u0161a\u010da, \u010dlanci 57. i 72. Cjeloviti tekst Zakona dostupan je <a href=\"https:\/\/narodne-novine.nn.hr\/clanci\/sluzbeni\/2014_03_41_723.html\" target=\"_blank\" rel=\"noopener\">ovdje<\/a>.<\/p>\n\n<p><strong>Uvjeti za povrat<\/strong><\/p>\n\n<p><strong>Razdoblje povrata<\/strong>: Artikal mo\u017eete vratiti u roku od 14 dana od dana primitka.<\/p>\n\n<p><strong>Tro\u0161kovi povrata:<\/strong> Tro\u0161ak povrata proizvoda nama va\u0161a je odgovornost.<\/p>\n\n<p><strong>Stanje proizvoda:<\/strong> Odgovorni ste za svako smanjenje vrijednosti proizvoda uslijed rukovanja, osim za ono \u0161to je potrebno za utvr\u0111ivanje prirode, karakteristika i funkcionalnosti proizvoda.<\/p>\n\n<p><strong>Proces povrata novca<\/strong><\/p>\n\n<p><strong>Obavijest:<\/strong> Obavijestite nas o svojoj odluci o povratu proizvoda ili raskidu ugovora pisanim putem. Mo\u017eete upotrijebiti donji obrazac za povrat, e-po\u0161tom ili po\u0161tom.<\/p>\n\n<p><strong>Povrat:<\/strong> Po primitku va\u0161e pismene obavijesti i vra\u0107enog proizvoda, obradit \u0107emo zamjenu ili puni povrat novca u roku od 14 dana.<\/p>\n\n<p>Iznimke i posebni slu\u010dajevi<\/p>\n\n<p><strong>Nemogu\u0107nost isporuke:<\/strong> Ako ne mo\u017eemo isporu\u010diti zamjenski proizvod, nadoknadit \u0107emo vam tro\u0161kove povratne dostave i vrijednost proizvoda koji se ne mo\u017ee isporu\u010diti.<\/p>\n\n<p><strong>Povrati s gre\u0161kom koja nije uzrokovana od strane  prodavatelja:<\/strong> Za povrate koji nisu uzrokovani na\u0161om krivnjom, snosit \u0107ete sve nastale tro\u0161kove rukovanja.<\/p>\n\n<p><strong>Reklamacije i jamstvena prava<\/strong><\/p>\n\n<p><strong>Gre\u0161ka ili o\u0161te\u0107enje: <\/strong>Ukoliko uo\u010dite gre\u0161ku ili o\u0161te\u0107enje na proizvodu koje nije nastalo tijekom transporta, mo\u017eete ostvariti pravo na jednostrani raskid ugovora ili reklamaciju.<\/p>\n\n<p><strong>Kontaktirajte nas:<\/strong> Kontaktirajte nas putem e-po\u0161te, po\u0161te ili faksa. Na va\u0161 prigovor odgovorit \u0107emo pisanim putem u roku od 14 dana od primitka va\u0161eg prigovora.<\/p>\n\n<p><strong>Online rje\u0161avanje sporova<\/strong><\/p>\n\n<p>U skladu sa <strong>EU regulativom<\/strong>, disputes related to online purchases can be resolved via the <a href=\"https:\/\/ec.europa.eu\/consumers\/odr\/main\/?event=main.home2.show\" target=\"_blank\" rel=\"noopener\">ODR platform<\/a>, accessible here. This platform allows you to submit complaints quickly and easily in any of the 23 official EU languages.<\/p>\n\n<p>MightyLu J.D.O.O.<br \/>Dobrinjska ulica 17, 10000 Zagreb, Croatia<br \/>Email: info@mightylu.com<\/p>\n\n<p>\u00a0<\/p>\n\n<p>\u00a0<\/p>\n\t\t\t\t\t\t\t\t<\/div>\n\t\t\t\t<\/div>\n\t\t\t\t\t<\/div>\n\t\t\t\t<\/div>\n\t\t\t\t<\/div>","protected":false},"excerpt":{"rendered":"<p>Right of Return If you are not satisfied with your purchase for any reason, you have the right to return the product or unilaterally terminate the contract within 14 days, in accordance with the Consumer Protection Act, Articles 57 and 72. The full text of the Act is available here. Conditions for Returns Return Period: [&hellip;]<\/p>\n","protected":false},"author":1,"featured_media":0,"parent":0,"menu_order":0,"comment_status":"closed","ping_status":"closed","template":"","meta":{"footnotes":""},"class_list":["post-559","page","type-page","status-publish","hentry"],"blocksy_meta":[],"jetpack_sharing_enabled":true,"_links":{"self":[{"href":"https:\/\/mightylu.com\/hr\/wp-json\/wp\/v2\/pages\/559","targetHints":{"allow":["GET"]}}],"collection":[{"href":"https:\/\/mightylu.com\/hr\/wp-json\/wp\/v2\/pages"}],"about":[{"href":"https:\/\/mightylu.com\/hr\/wp-json\/wp\/v2\/types\/page"}],"author":[{"embeddable":true,"href":"https:\/\/mightylu.com\/hr\/wp-json\/wp\/v2\/users\/1"}],"replies":[{"embeddable":true,"href":"https:\/\/mightylu.com\/hr\/wp-json\/wp\/v2\/comments?post=559"}],"version-history":[{"count":0,"href":"https:\/\/mightylu.com\/hr\/wp-json\/wp\/v2\/pages\/559\/revisions"}],"wp:attachment":[{"href":"https:\/\/mightylu.com\/hr\/wp-json\/wp\/v2\/media?parent=559"}],"curies":[{"name":"wp","href":"https:\/\/api.w.org\/{rel}","templated":true}]}}