{"id":50,"date":"2023-11-28T16:30:18","date_gmt":"2023-11-28T15:30:18","guid":{"rendered":"https:\/\/mightylu.com\/?post_type=product&#038;p=50"},"modified":"2026-03-19T10:22:20","modified_gmt":"2026-03-19T09:22:20","slug":"kurzhantel-konverter-2","status":"publish","type":"product","link":"https:\/\/mightylu.com\/de\/product\/dumbbell-to-barbell-converter\/","title":{"rendered":"Kurzhantel-Konverter"},"content":{"rendered":"<div data-elementor-type=\"wp-post\" data-elementor-id=\"50\" class=\"elementor elementor-50\">\n\t\t\t\t<div class=\"elementor-element elementor-element-2c0658b4 e-flex e-con-boxed e-con e-parent\" data-id=\"2c0658b4\" data-element_type=\"container\" data-e-type=\"container\">\n\t\t\t\t\t<div class=\"e-con-inner\">\n\t\t\t\t<div class=\"elementor-element elementor-element-2465b39c elementor-widget elementor-widget-text-editor\" data-id=\"2465b39c\" data-element_type=\"widget\" data-e-type=\"widget\" data-widget_type=\"text-editor.default\">\n\t\t\t\t<div class=\"elementor-widget-container\">\n\t\t\t\t\t\t\t\t\t<p><strong>Einf\u00fchrung des Kurzhantel-Konverter: Verbessern Sie Ihr Heim-Fitnessstudio-Erlebnis<\/strong><\/p><p>Um unser Angebot zu erweitern, haben wir ein unverzichtbares und beliebtes Ger\u00e4t auf dem Markt ausgew\u00e4hlt<\/p><p>R\u00fcsten Sie Ihr Heim-Fitnessstudio mit dem Kurzhantel-Konverter auf, einer vielseitigen und platzsparenden L\u00f6sung, die Ihr Krafttraining optimieren soll. Verwandeln Sie Ihre vorhandenen Hanteln in eine voll funktionsf\u00e4hige hantelstange und nutzen Sie eine gr\u00f6\u00dfere Auswahl an \u00dcbungen, um jede Muskelgruppe pr\u00e4zise und einfach zu trainieren.<\/p><p><strong>Vielseitigkeit neu definiert:<\/strong> Mit dem Kurzhantel-Konverter: k\u00f6nnen Sie nahtlos zwischen Kurzhantel- und hantelstange wechseln und so Abwechslung und Intensit\u00e4t hinzuf\u00fcgen <a href=\"https:\/\/www.garagegymreviews.com\/best-barbell-exercises\" target=\"_blank\" rel=\"noopener\">Ihre Trainingseinheiten<\/a>. Von Brustdr\u00fccken und Kniebeugen bis hin zu Rudern und Kreuzheben bietet dieses innovative Ger\u00e4t endlose M\u00f6glichkeiten zur Formung Ihres K\u00f6rpers.<\/p><p><strong>Hochwertige Konstruktion:<\/strong> Unser Konverter wurde mit Blick auf Langlebigkeit und Leistung aus hochwertigen Materialien gefertigt und gew\u00e4hrleistet Stabilit\u00e4t und Sicherheit selbst bei den h\u00e4rtesten Trainingseinheiten. Die solide Stahlkonstruktion und der sichere Verriegelungsmechanismus bieten eine stabile Plattform zum Heben, sodass Sie sich ohne Kompromisse auf das Erreichen Ihrer Fitnessziele konzentrieren k\u00f6nnen.<\/p><p><strong>Kompakt und praktisch:<\/strong> Verabschieden Sie sich von \u00fcberf\u00fcllten Trainingsr\u00e4umen. Das kompakte und tragbare Design des Kurzhantel-Konverters macht ihn zur idealen Erg\u00e4nzung f\u00fcr jedes Heim-Fitnessstudio. Verstauen Sie ihn einfach in einem Schrank oder unter Ihrem Bett, wenn Sie ihn nicht verwenden. So nutzen Sie Ihren Wohnraum optimal, ohne auf Funktionalit\u00e4t verzichten zu m\u00fcssen.<\/p><p><strong>Einfache Montage und Verwendung:<\/strong> Unsere Konverterstange wurde f\u00fcr Einfachheit und Komfort entwickelt. Sie l\u00e4sst sich leicht zusammenbauen und verwenden und ist daher f\u00fcr Fitnessbegeisterte aller Niveaus geeignet. Befestigen Sie Ihre Hanteln einfach an der Mittelstange und sichern Sie sie mit dem integrierten Verriegelungsmechanismus f\u00fcr einen nahtlosen \u00dcbergang zu Hantelstange.<\/p><p><strong>Verbessern Sie Ihr Krafttraining:<\/strong> Bringen Sie Ihr Krafttraining mit dem Kurzhantel-Konverter auf die n\u00e4chste Stufe. Egal, ob Sie Muskeln aufbauen, Ihre Kraft steigern oder Ihre Ausdauer verbessern m\u00f6chten, mit diesem vielseitigen Ger\u00e4t k\u00f6nnen Sie Ihre Fitnessziele bequem von zu Hause aus erreichen.<\/p><p><strong>Ver\u00e4ndern Sie Ihr Training noch heute:<\/strong> Verbessern Sie Ihr Heimtrainingserlebnis mit dem Kurzhantel-Konverter und sch\u00f6pfen Sie das volle Potenzial Ihres Krafttrainings aus. Verwandeln Sie Ihre Hanteln in eine komplette Fitnessl\u00f6sung und entdecken Sie die endlosen M\u00f6glichkeiten, Ihren idealen K\u00f6rper zu formen.<\/p><p>Hinweis: Im Lieferumfang des Kurzhantel-Konverters sind keine Hanteln enthalten.<\/p><p>Die Kunststoffmutter kann in Orange oder Schwarz geliefert werden.<\/p>\t\t\t\t\t\t\t\t<\/div>\n\t\t\t\t<\/div>\n\t\t\t\t\t<\/div>\n\t\t\t\t<\/div>\n\t\t<div class=\"elementor-element elementor-element-0b29a62 e-flex e-con-boxed e-con e-parent\" data-id=\"0b29a62\" data-element_type=\"container\" data-e-type=\"container\">\n\t\t\t\t\t<div class=\"e-con-inner\">\n\t\t\t\t<div class=\"elementor-element elementor-element-4c06ce5 elementor-widget elementor-widget-heading\" data-id=\"4c06ce5\" data-element_type=\"widget\" data-e-type=\"widget\" data-widget_type=\"heading.default\">\n\t\t\t\t<div class=\"elementor-widget-container\">\n\t\t\t\t\t<h2 class=\"elementor-heading-title elementor-size-default\">Kurzhantel-Konverter. Langlebig, leicht und perfekt f\u00fcr das Training zu Hause.<\/h2>\t\t\t\t<\/div>\n\t\t\t\t<\/div>\n\t\t\t\t<div class=\"elementor-element elementor-element-d0d8572 elementor-widget elementor-widget-text-editor\" data-id=\"d0d8572\" data-element_type=\"widget\" data-e-type=\"widget\" data-widget_type=\"text-editor.default\">\n\t\t\t\t<div class=\"elementor-widget-container\">\n\t\t\t\t\t\t\t\t\t<h4>Verarbeitungsqualit\u00e4t<\/h4><p>Unser aus hochwertigen Materialien gefertigter Kurzhantel-Konverter ist leicht und dennoch belastbar, was ihn ideal f\u00fcr Heim-Fitnessstudio-Enthusiasten macht. Der Griff besteht aus 5 mm dickem Stahl mit einem Durchmesser von 32 mm, kann bis zu 80 kg tragen und bietet mehr als genug Widerstand f\u00fcr ernsthaftes Muskeltraining im Komfort Ihres eigenen Heims.<\/p>\t\t\t\t\t\t\t\t<\/div>\n\t\t\t\t<\/div>\n\t\t\t\t\t<\/div>\n\t\t\t\t<\/div>\n\t\t<div class=\"elementor-element elementor-element-03ed4aa e-flex e-con-boxed e-con e-parent\" data-id=\"03ed4aa\" data-element_type=\"container\" data-e-type=\"container\">\n\t\t\t\t\t<div class=\"e-con-inner\">\n\t\t\t\t<div class=\"elementor-element elementor-element-92ed9f8 elementor-widget-tablet_extra__width-initial elementor-widget elementor-widget-image\" data-id=\"92ed9f8\" data-element_type=\"widget\" data-e-type=\"widget\" data-widget_type=\"image.default\">\n\t\t\t\t<div class=\"elementor-widget-container\">\n\t\t\t\t\t\t\t\t\t\t\t\t\t\t\t<img fetchpriority=\"high\" decoding=\"async\" width=\"1024\" height=\"1024\" src=\"https:\/\/mightylu.com\/wp-content\/uploads\/2023\/11\/Bez-naslova-\u2013-kopija-\u2013-kopija-14-1024x1024.png\" class=\"attachment-large size-large wp-image-2213\" alt=\"\" srcset=\"https:\/\/mightylu.com\/wp-content\/uploads\/2023\/11\/Bez-naslova-\u2013-kopija-\u2013-kopija-14-1024x1024.png 1024w, https:\/\/mightylu.com\/wp-content\/uploads\/2023\/11\/Bez-naslova-\u2013-kopija-\u2013-kopija-14-300x300.png 300w, https:\/\/mightylu.com\/wp-content\/uploads\/2023\/11\/Bez-naslova-\u2013-kopija-\u2013-kopija-14-150x150.png 150w, https:\/\/mightylu.com\/wp-content\/uploads\/2023\/11\/Bez-naslova-\u2013-kopija-\u2013-kopija-14-768x768.png 768w, https:\/\/mightylu.com\/wp-content\/uploads\/2023\/11\/Bez-naslova-\u2013-kopija-\u2013-kopija-14.png 1250w\" sizes=\"(max-width: 1024px) 100vw, 1024px\" \/>\t\t\t\t\t\t\t\t\t\t\t\t\t\t\t<\/div>\n\t\t\t\t<\/div>\n\t\t\t\t\t<\/div>\n\t\t\t\t<\/div>\n\t\t<div class=\"elementor-element elementor-element-04f8904 e-flex e-con-boxed e-con e-parent\" data-id=\"04f8904\" data-element_type=\"container\" data-e-type=\"container\">\n\t\t\t\t\t<div class=\"e-con-inner\">\n\t\t\t\t<div class=\"elementor-element elementor-element-1b3eb79 elementor-widget elementor-widget-text-editor\" data-id=\"1b3eb79\" data-element_type=\"widget\" data-e-type=\"widget\" data-widget_type=\"text-editor.default\">\n\t\t\t\t<div class=\"elementor-widget-container\">\n\t\t\t\t\t\t\t\t\t<p>Der Griff ist mit einer Gummischicht \u00fcberzogen, die hervorragenden Halt und Komfort w\u00e4hrend des Trainings bietet.<\/p>\t\t\t\t\t\t\t\t<\/div>\n\t\t\t\t<\/div>\n\t\t\t\t\t<\/div>\n\t\t\t\t<\/div>\n\t\t<div class=\"elementor-element elementor-element-4ab8c45 e-flex e-con-boxed e-con e-parent\" data-id=\"4ab8c45\" data-element_type=\"container\" data-e-type=\"container\">\n\t\t\t\t\t<div class=\"e-con-inner\">\n\t\t\t\t<div class=\"elementor-element elementor-element-c6b50d1 elementor-widget elementor-widget-text-editor\" data-id=\"c6b50d1\" data-element_type=\"widget\" data-e-type=\"widget\" data-widget_type=\"text-editor.default\">\n\t\t\t\t<div class=\"elementor-widget-container\">\n\t\t\t\t\t\t\t\t\t<p>Die Gewichtsklemme ist aus hochbest\u00e4ndigem Kunststoff gefertigt und die verstellbare Gummiummantelung passt sich der Form der Hantel sicher an und sorgt so f\u00fcr einen stabilen Sitz.<\/p>\t\t\t\t\t\t\t\t<\/div>\n\t\t\t\t<\/div>\n\t\t\t\t\t<\/div>\n\t\t\t\t<\/div>\n\t\t<div class=\"elementor-element elementor-element-419ccef e-flex e-con-boxed e-con e-parent\" data-id=\"419ccef\" data-element_type=\"container\" data-e-type=\"container\">\n\t\t\t\t\t<div class=\"e-con-inner\">\n\t\t\t\t<div class=\"elementor-element elementor-element-c893c6d elementor-widget-tablet_extra__width-initial elementor-widget elementor-widget-image\" data-id=\"c893c6d\" data-element_type=\"widget\" data-e-type=\"widget\" data-widget_type=\"image.default\">\n\t\t\t\t<div class=\"elementor-widget-container\">\n\t\t\t\t\t\t\t\t\t\t\t\t\t\t\t<img decoding=\"async\" width=\"1024\" height=\"1024\" src=\"https:\/\/mightylu.com\/wp-content\/uploads\/2023\/11\/Bez-naslova-\u2013-kopija-\u2013-kopija-12-1-1024x1024.png\" class=\"attachment-large size-large wp-image-2214\" alt=\"Benutzerfreundlicher Konverter zum Anbringen von Kurzhanteln an ein Hantelstange-Setup\" srcset=\"https:\/\/mightylu.com\/wp-content\/uploads\/2023\/11\/Bez-naslova-\u2013-kopija-\u2013-kopija-12-1-1024x1024.png 1024w, https:\/\/mightylu.com\/wp-content\/uploads\/2023\/11\/Bez-naslova-\u2013-kopija-\u2013-kopija-12-1-300x300.png 300w, https:\/\/mightylu.com\/wp-content\/uploads\/2023\/11\/Bez-naslova-\u2013-kopija-\u2013-kopija-12-1-150x150.png 150w, https:\/\/mightylu.com\/wp-content\/uploads\/2023\/11\/Bez-naslova-\u2013-kopija-\u2013-kopija-12-1-768x768.png 768w, https:\/\/mightylu.com\/wp-content\/uploads\/2023\/11\/Bez-naslova-\u2013-kopija-\u2013-kopija-12-1-1536x1536.png 1536w, https:\/\/mightylu.com\/wp-content\/uploads\/2023\/11\/Bez-naslova-\u2013-kopija-\u2013-kopija-12-1-2048x2048.png 2048w, https:\/\/mightylu.com\/wp-content\/uploads\/2023\/11\/Bez-naslova-\u2013-kopija-\u2013-kopija-12-1-1500x1500.png 1500w\" sizes=\"(max-width: 1024px) 100vw, 1024px\" \/>\t\t\t\t\t\t\t\t\t\t\t\t\t\t\t<\/div>\n\t\t\t\t<\/div>\n\t\t\t\t\t<\/div>\n\t\t\t\t<\/div>\n\t\t<div class=\"elementor-element elementor-element-dc092a7 e-flex e-con-boxed e-con e-parent\" data-id=\"dc092a7\" data-element_type=\"container\" data-e-type=\"container\">\n\t\t\t\t\t<div class=\"e-con-inner\">\n\t\t\t\t<div class=\"elementor-element elementor-element-4586497 elementor-widget elementor-widget-text-editor\" data-id=\"4586497\" data-element_type=\"widget\" data-e-type=\"widget\" data-widget_type=\"text-editor.default\">\n\t\t\t\t<div class=\"elementor-widget-container\">\n\t\t\t\t\t\t\t\t\t<h4>Platzsparend<\/h4><p>Bei kompakten Abmessungen verf\u00fcgt der Konverter \u00fcber eine maximale Griffbreite von 79 cm, die f\u00fcr \u00dcbungen wie Schulterdr\u00fccken mehr als ausreichend ist.<\/p>\t\t\t\t\t\t\t\t<\/div>\n\t\t\t\t<\/div>\n\t\t\t\t\t<\/div>\n\t\t\t\t<\/div>\n\t\t<div class=\"elementor-element elementor-element-733f0e6 e-flex e-con-boxed e-con e-parent\" data-id=\"733f0e6\" data-element_type=\"container\" data-e-type=\"container\">\n\t\t\t\t\t<div class=\"e-con-inner\">\n\t\t\t\t<div class=\"elementor-element elementor-element-42fc48c elementor-widget-tablet_extra__width-initial elementor-widget elementor-widget-image\" data-id=\"42fc48c\" data-element_type=\"widget\" data-e-type=\"widget\" data-widget_type=\"image.default\">\n\t\t\t\t<div class=\"elementor-widget-container\">\n\t\t\t\t\t\t\t\t\t\t\t\t\t\t\t<img decoding=\"async\" width=\"2160\" height=\"1215\" src=\"https:\/\/mightylu.com\/wp-content\/uploads\/2023\/11\/Dizajn-bez-naslova-38.png\" class=\"attachment-full size-full wp-image-2215\" alt=\"Kompakter Konverter zur Umwandlung von Kurzhanteln in Hantelstange\" srcset=\"https:\/\/mightylu.com\/wp-content\/uploads\/2023\/11\/Dizajn-bez-naslova-38.png 2160w, https:\/\/mightylu.com\/wp-content\/uploads\/2023\/11\/Dizajn-bez-naslova-38-300x169.png 300w, https:\/\/mightylu.com\/wp-content\/uploads\/2023\/11\/Dizajn-bez-naslova-38-1024x576.png 1024w, https:\/\/mightylu.com\/wp-content\/uploads\/2023\/11\/Dizajn-bez-naslova-38-768x432.png 768w, https:\/\/mightylu.com\/wp-content\/uploads\/2023\/11\/Dizajn-bez-naslova-38-1536x864.png 1536w, https:\/\/mightylu.com\/wp-content\/uploads\/2023\/11\/Dizajn-bez-naslova-38-2048x1152.png 2048w\" sizes=\"(max-width: 2160px) 100vw, 2160px\" \/>\t\t\t\t\t\t\t\t\t\t\t\t\t\t\t<\/div>\n\t\t\t\t<\/div>\n\t\t\t\t\t<\/div>\n\t\t\t\t<\/div>\n\t\t<div class=\"elementor-element elementor-element-2101b0f e-flex e-con-boxed e-con e-parent\" data-id=\"2101b0f\" data-element_type=\"container\" data-e-type=\"container\">\n\t\t\t\t\t<div class=\"e-con-inner\">\n\t\t\t\t<div class=\"elementor-element elementor-element-b05bb09 elementor-widget elementor-widget-text-editor\" data-id=\"b05bb09\" data-element_type=\"widget\" data-e-type=\"widget\" data-widget_type=\"text-editor.default\">\n\t\t\t\t<div class=\"elementor-widget-container\">\n\t\t\t\t\t\t\t\t\t<p>Wenn du lernen m\u00f6chtest, welche Arm\u00fcbungen du mit dem Dumbbell-to-Barbell-Konverter machen kannst, schau dir unseren <a href=\"https:\/\/mightylu.com\/de\/armubungen-die-sie-zu-hause-mit-hanteln-und-einem-hantelkonverter-machen-konnen\/\">blog<\/a>.<\/p>\t\t\t\t\t\t\t\t<\/div>\n\t\t\t\t<\/div>\n\t\t\t\t\t<\/div>\n\t\t\t\t<\/div>\n\t\t\t\t<\/div>","protected":false},"excerpt":{"rendered":"<p><strong>Maximiere die Vielseitigkeit deines Trainings<\/strong><\/p>\n<p>Verwandeln Sie Ihr Heim-Fitnessstudio mit dem Kurzhantel-Konverter. Dieses innovative, von uns aus dem Fitnessmarkt ausgew\u00e4hlte Ger\u00e4t verwandelt Ihre Hanteln nahtlos in eine hantelstange, sodass Sie m\u00fchelos eine gr\u00f6\u00dfere Bandbreite an \u00dcbungen durchf\u00fchren k\u00f6nnen. Es ist aus hochwertigen Materialien f\u00fcr hantelstange und Stabilit\u00e4t gefertigt und kompakt und leicht zu verstauen. Es ist perfekt f\u00fcr alle Fitnessniveaus, verbessert Ihr Krafttraining und hilft Ihnen, Ihre Fitnessziele bequem von zu Hause aus zu erreichen.<\/p>\n<p>Hantelma\u00dfe: Griffl\u00e4nge min. 11,5cm, Griffdurchmesser 37-26mm<\/p>\n<p>Lieferzeit: 5-10 Werktage<\/p>\n<p>Hinweis: Der Kurzhantel-Konverter wird ohne Hanteln geliefert<\/p>\n<p>Die Kunststoffmutter kann in Orange oder Schwarz geliefert werden.<\/p>","protected":false},"featured_media":2175,"comment_status":"open","ping_status":"closed","template":"","meta":[],"product_brand":[],"product_cat":[38],"product_tag":[],"class_list":{"0":"post-50","1":"product","2":"type-product","3":"status-publish","4":"has-post-thumbnail","6":"product_cat-barbell","7":"product_shipping_class-light-2","9":"first","10":"instock","11":"sale","12":"featured","13":"taxable","14":"shipping-taxable","15":"purchasable","16":"product-type-simple"},"jetpack_sharing_enabled":true,"_links":{"self":[{"href":"https:\/\/mightylu.com\/de\/wp-json\/wp\/v2\/product\/50","targetHints":{"allow":["GET"]}}],"collection":[{"href":"https:\/\/mightylu.com\/de\/wp-json\/wp\/v2\/product"}],"about":[{"href":"https:\/\/mightylu.com\/de\/wp-json\/wp\/v2\/types\/product"}],"replies":[{"embeddable":true,"href":"https:\/\/mightylu.com\/de\/wp-json\/wp\/v2\/comments?post=50"}],"version-history":[{"count":8,"href":"https:\/\/mightylu.com\/de\/wp-json\/wp\/v2\/product\/50\/revisions"}],"predecessor-version":[{"id":4150,"href":"https:\/\/mightylu.com\/de\/wp-json\/wp\/v2\/product\/50\/revisions\/4150"}],"wp:featuredmedia":[{"embeddable":true,"href":"https:\/\/mightylu.com\/de\/wp-json\/wp\/v2\/media\/2175"}],"wp:attachment":[{"href":"https:\/\/mightylu.com\/de\/wp-json\/wp\/v2\/media?parent=50"}],"wp:term":[{"taxonomy":"product_brand","embeddable":true,"href":"https:\/\/mightylu.com\/de\/wp-json\/wp\/v2\/product_brand?post=50"},{"taxonomy":"product_cat","embeddable":true,"href":"https:\/\/mightylu.com\/de\/wp-json\/wp\/v2\/product_cat?post=50"},{"taxonomy":"product_tag","embeddable":true,"href":"https:\/\/mightylu.com\/de\/wp-json\/wp\/v2\/product_tag?post=50"}],"curies":[{"name":"wp","href":"https:\/\/api.w.org\/{rel}","templated":true}]}}