{"id":3970,"date":"2025-04-30T13:51:24","date_gmt":"2025-04-30T11:51:24","guid":{"rendered":"https:\/\/mightylu.com\/?post_type=product&#038;p=3970"},"modified":"2025-04-30T14:16:06","modified_gmt":"2025-04-30T12:16:06","slug":"kurzhantel-wandhalterung","status":"publish","type":"product","link":"https:\/\/mightylu.com\/de\/product\/dumbbell-wall-rack\/","title":{"rendered":"Kurzhantel-Wandhalterung"},"content":{"rendered":"<div data-elementor-type=\"wp-post\" data-elementor-id=\"3970\" class=\"elementor elementor-3970\">\n\t\t\t\t<div class=\"elementor-element elementor-element-2c0658b4 e-flex e-con-boxed e-con e-parent\" data-id=\"2c0658b4\" data-element_type=\"container\" data-e-type=\"container\">\n\t\t\t\t\t<div class=\"e-con-inner\">\n\t\t\t\t<div class=\"elementor-element elementor-element-2465b39c elementor-widget elementor-widget-text-editor\" data-id=\"2465b39c\" data-element_type=\"widget\" data-e-type=\"widget\" data-widget_type=\"text-editor.default\">\n\t\t\t\t<div class=\"elementor-widget-container\">\n\t\t\t\t\t\t\t\t\t<h2 data-start=\"141\" data-end=\"205\"><strong data-start=\"146\" data-end=\"205\">Schwerlast-Kurzhantel-Wandhalterung f\u00fcr Ordnung im Home Gym<\/strong><\/h2><p class=\"\" data-start=\"207\" data-end=\"387\">Bringe Ordnung in dein Home Gym mit der <strong data-start=\"266\" data-end=\"288\">Kurzhantel-Wandhalterung<\/strong> \u2013 die clevere, platzsparende L\u00f6sung zur Aufbewahrung deiner Kurzhanteln.<\/p><p class=\"\" data-start=\"389\" data-end=\"700\">Die Halterung besteht aus <strong data-start=\"419\" data-end=\"445\">3\u202fmm starkem Stahlblech<\/strong>und ist mit einer mattschwarzen Pulverbeschichtung versehen, die f\u00fcr Langlebigkeit und ein modernes Design sorgt. An der Stelle, an der die Hantelgriffe aufliegen, sind Schutzpolster integriert, um sowohl die Hanteln als auch die Halterung vor Kratzern und Abnutzung zu sch\u00fctzen \u2013 und gleichzeitig deine H\u00e4nde vor Verletzungen zu bewahren.<\/p><p class=\"\" data-start=\"702\" data-end=\"1003\">Der Halter wird <strong data-start=\"707\" data-end=\"720\">einzeln<\/strong>verkauft und ist f\u00fcr <strong data-start=\"757\" data-end=\"782\">ein Hantelpaar<\/strong> mit jeweils bis zu <strong data-start=\"789\" data-end=\"817\">30\u202fkg (insgesamt 60\u202fkg) ausgelegt<\/strong>. Durch das modulare Design kannst du mehrere Halterungen \u00fcbereinander oder nebeneinander montieren \u2013 ganz nach deinem Raum und deinen Vorlieben.<\/p><p class=\"\" data-start=\"1005\" data-end=\"1177\">Ob du ein komplettes Garagenstudio einrichtest oder einfach nur ein paar Hanteln ordentlich verstauen m\u00f6chtest \u2013 mit dieser Wandhalterung hast du volle Flexibilit\u00e4t.<\/p><h2 data-start=\"261\" data-end=\"337\"><strong data-start=\"265\" data-end=\"337\">Warum eine Kurzhantel-Wandhalterung ideal f\u00fcrs Home Gym ist<\/strong><\/h2><p class=\"\" data-start=\"339\" data-end=\"649\">In einem Home Gym<strong data-start=\"354\" data-end=\"377\"> z\u00e4hlt jeder Zentimeter<\/strong> \u2013 und genau hier punktet die <strong data-start=\"402\" data-end=\"437\">Kurzhantel-Wandhalterung<\/strong>. Anstelle sperriger Bodenst\u00e4nder werden die Hanteln platzsparend und sicher an der Wand aufbewahrt. So bleibt mehr Platz zum Trainieren.<\/p><p class=\"\" data-start=\"651\" data-end=\"858\">Perfekt f\u00fcr kleine R\u00e4ume, Garagenstudios und f\u00fcr alle, die ihr Home Gym aufger\u00e4umt und funktional gestalten m\u00f6chten. Die Wandmontage verleiht deinem Trainingsbereich au\u00dferdem einen professionellen Look.<\/p><p class=\"\" data-start=\"860\" data-end=\"1096\">\ud83d\udee0\ufe0f <strong data-start=\"864\" data-end=\"893\">Einfache &amp; schnelle Montage<\/strong><br data-start=\"893\" data-end=\"896\" \/>Es werden <strong data-start=\"928\" data-end=\"958\">nur zwei Schrauben (M8 oder M10)<\/strong> ben\u00f6tigt \u2013 kein \u00fcberm\u00e4\u00dfiges Bohren, keine unn\u00f6tigen L\u00f6cher in der Wand.<\/p><p class=\"\" data-start=\"1098\" data-end=\"1324\">\ud83d\udccf <strong data-start=\"1101\" data-end=\"1125\">Vor dem Kauf Ma\u00dfe pr\u00fcfen<\/strong><br data-start=\"1125\" data-end=\"1128\" \/>Bitte miss den Griffdurchmesser deiner Hanteln, um sicherzustellen, dass sie gut in die Halterung passen. Die Wandhalterung ist f\u00fcr Standardgr\u00f6\u00dfen ausgelegt, aber eine vorherige Messung sorgt f\u00fcr Sicherheit.<\/p><p data-start=\"1005\" data-end=\"1177\"><em data-start=\"1184\" data-end=\"1268\">Abgebildete Kurzhanteln dienen nur zur Veranschaulichung und sind nicht im Lieferumfang enthalten.<\/em><\/p><p data-start=\"1005\" data-end=\"1177\">Du suchst passende Kurzhanteln? <a class=\"\" href=\"https:\/\/mightylu.com\/de\/product\/hexagon-kurzhantel-4kg-35kg\/\" rel=\"noopener\" data-start=\"1206\" data-end=\"1251\">Entdecke hier unsere gesamte Kurzhantel-Auswahl.<\/a><\/p>\t\t\t\t\t\t\t\t<\/div>\n\t\t\t\t<\/div>\n\t\t\t\t\t<\/div>\n\t\t\t\t<\/div>\n\t\t\t\t<\/div>","protected":false},"excerpt":{"rendered":"<p><strong>Maximiere die Vielseitigkeit deines Trainings<\/strong><\/p>\n<p>Organisiere dein Home Gym mit der stabilen <strong data-start=\"248\" data-end=\"270\">Kurzhantel-Wandhalterung<\/strong>. Aus 3\u202fmm starkem Stahl, mattschwarz pulverbeschichtet, mit Schutzpolstern an der Auflagefl\u00e4che. Wird einzeln verkauft \u2013 h\u00e4lt 1 Hantelpaar (bis 30\u202fkg pro Hantel). Modulares Design \u2013 stapelbar oder nebeneinander montierbar.<\/p>\n<p>Kurzhantelma\u00dfe: Griffl\u00e4nge mindestens 11,5\u202fcm, Griffdurchmesser 37\u201326\u202fmm.<\/p>\n<p>Hanteln nicht enthalten.<\/p>","protected":false},"featured_media":3971,"comment_status":"open","ping_status":"closed","template":"","meta":[],"product_brand":[],"product_cat":[39],"product_tag":[],"class_list":{"0":"post-3970","1":"product","2":"type-product","3":"status-publish","4":"has-post-thumbnail","6":"product_cat-storage-solutions","7":"product_shipping_class-light-1","9":"first","10":"outofstock","11":"featured","12":"taxable","13":"shipping-taxable","14":"purchasable","15":"product-type-simple"},"jetpack_sharing_enabled":true,"_links":{"self":[{"href":"https:\/\/mightylu.com\/de\/wp-json\/wp\/v2\/product\/3970","targetHints":{"allow":["GET"]}}],"collection":[{"href":"https:\/\/mightylu.com\/de\/wp-json\/wp\/v2\/product"}],"about":[{"href":"https:\/\/mightylu.com\/de\/wp-json\/wp\/v2\/types\/product"}],"replies":[{"embeddable":true,"href":"https:\/\/mightylu.com\/de\/wp-json\/wp\/v2\/comments?post=3970"}],"version-history":[{"count":13,"href":"https:\/\/mightylu.com\/de\/wp-json\/wp\/v2\/product\/3970\/revisions"}],"predecessor-version":[{"id":3995,"href":"https:\/\/mightylu.com\/de\/wp-json\/wp\/v2\/product\/3970\/revisions\/3995"}],"wp:featuredmedia":[{"embeddable":true,"href":"https:\/\/mightylu.com\/de\/wp-json\/wp\/v2\/media\/3971"}],"wp:attachment":[{"href":"https:\/\/mightylu.com\/de\/wp-json\/wp\/v2\/media?parent=3970"}],"wp:term":[{"taxonomy":"product_brand","embeddable":true,"href":"https:\/\/mightylu.com\/de\/wp-json\/wp\/v2\/product_brand?post=3970"},{"taxonomy":"product_cat","embeddable":true,"href":"https:\/\/mightylu.com\/de\/wp-json\/wp\/v2\/product_cat?post=3970"},{"taxonomy":"product_tag","embeddable":true,"href":"https:\/\/mightylu.com\/de\/wp-json\/wp\/v2\/product_tag?post=3970"}],"curies":[{"name":"wp","href":"https:\/\/api.w.org\/{rel}","templated":true}]}}