{"id":2381,"date":"2024-10-18T14:08:04","date_gmt":"2024-10-18T12:08:04","guid":{"rendered":"https:\/\/mightylu.com\/?post_type=product&#038;p=2381"},"modified":"2025-11-06T09:13:32","modified_gmt":"2025-11-06T08:13:32","slug":"mittelgewicht-heim-fitnessstudio-set-kopie","status":"publish","type":"product","link":"https:\/\/mightylu.com\/de\/product\/middleweight-home-gym-set-copy\/","title":{"rendered":"Mittelgewichtiges Heimfitness-Set"},"content":{"rendered":"<div data-elementor-type=\"wp-post\" data-elementor-id=\"2381\" class=\"elementor elementor-2381\">\n\t\t\t\t<div class=\"elementor-element elementor-element-d4199df e-flex e-con-boxed e-con e-parent\" data-id=\"d4199df\" data-element_type=\"container\" data-e-type=\"container\">\n\t\t\t\t\t<div class=\"e-con-inner\">\n\t\t\t\t<div class=\"elementor-element elementor-element-2914ead2 elementor-widget elementor-widget-text-editor\" data-id=\"2914ead2\" data-element_type=\"widget\" data-e-type=\"widget\" data-widget_type=\"text-editor.default\">\n\t\t\t\t<div class=\"elementor-widget-container\">\n\t\t\t\t\t\t\t\t\t<h2 data-pm-slice=\"1 1 []\"><strong>Mittelgewicht Heimfitness-Set \u2013 Kraft und Funktionalit\u00e4t vereint<\/strong><\/h2><p data-pm-slice=\"1 1 []\">Bringe dein Fitnesstraining auf das n\u00e4chste Level mit dem <em>Mittelgewicht <\/em>Heimfitness-Set \u2013 ideal f\u00fcr alle, die Muskelmasse aufbauen und \u00fcber das Grundtraining hinausgehen m\u00f6chten. Ob du von einem leichteren Set aufr\u00fcstest oder direkt mit h\u00f6heren Ambitionen startest, dieses Set bietet die perfekte Balance aus platzsparendem Design und gesteigerter Trainingskapazit\u00e4t. Mit insgesamt 106\u202fkg an Kurzhanteln, einer kompakten, aber robusten Hantelbank und einem intelligenten Langhantel-Umwandlungssystem kannst du effektiv trainieren, ohne deinen Wohnraum zu \u00fcberladen. Ideal f\u00fcr alle, die mehr Herausforderung und Vielfalt in ihrem Heimtraining suchen, ohne sich auf sperrige Ger\u00e4te festzulegen.<\/p><p>Mit der gleichen platzsparenden Effizienz wie unser Leichtgewicht-Set konzipiert, bietet dieses Set mehr Widerstand und Vielseitigkeit f\u00fcr fortgeschrittene Trainierende, die ein umfassendes Heimfitness-Set suchen. <em>Mittelgewicht Heimfitness-Set.<\/em>.<\/p><p><strong>Im Set enthalten:<\/strong><\/p><ul data-spread=\"false\"><li><p><strong>MightyRock klappbare Hantelbank (1 St\u00fcck)<\/strong> Anerkannt als die kompakteste klappbare Hantelbank der Welt, gefertigt mit 50\u202fmm hochdichtem Polster und soliden Stahlbeinen, die bis zu 500\u202fkg tragen. Mit einer zusammengeklappten H\u00f6he von nur 9,5\u202fcm und magnetischer Stiftmontage bietet sie die ultimative Kombination aus Leistung und Komfort. Inklusive <strong>Wandhalterung<\/strong> f\u00fcr vertikale Aufbewahrung. <a href=\"https:\/\/mightylu.com\/de\/product\/mightyrock-klappbare-hantelbank\/\">Erfahren Sie mehr \u00fcber die MightyRock-Bank hier.<\/a><\/p><\/li><li><p><strong><a href=\"https:\/\/mightylu.com\/de\/product\/kurzhantel-konverter-2\/\">Kurzhantel-Konverter<\/a> (1 St\u00fcck)<\/strong> Verwandle deine Kurzhanteln sofort in eine Langhantel mit diesem robusten Stahlverbinder \u2013 ideal, um dein \u00dcbungsspektrum ohne zus\u00e4tzliches Equipment zu erweitern. Der rutschfeste Griff und die verst\u00e4rkten Verbindungen sorgen f\u00fcr sichere und reibungslose Ausf\u00fchrung von Verbund\u00fcbungen wie Pressen, Rudern und Kniebeugen.<\/p><\/li><li><p><strong>Standard Hex-Kurzhanteln (4 Paare)<\/strong> Enth\u00e4lt Paare mit 8\u202fkg, 10\u202fkg, 15\u202fkg und 20\u202fkg (insgesamt 106\u202fkg). Perfekt geeignet f\u00fcr progressives \u00dcberlastungstraining, sind diese gummibeschichteten Hexagon-Kurzhanteln sicher, leise und stabil. Ihr Design sorgt daf\u00fcr, dass sie w\u00e4hrend des Trainings an Ort und Stelle bleiben, w\u00e4hrend der ergonomische Griff kontrolliertes, effektives Heben erm\u00f6glicht. Kurzhantel\u00fcbungen verbessern die Gelenkstabilit\u00e4t, aktivieren kleinere stabilisierende Muskeln und f\u00f6rdern die Koordination des gesamten K\u00f6rpers.<\/p><\/li><\/ul><p><strong>Warum das Mittelgewicht Heimfitness-Set w\u00e4hlen?<\/strong><\/p><ul data-spread=\"false\"><li><p><strong>F\u00fcr Fortschritt entwickelt:<\/strong> Ein Schritt \u00fcber Anf\u00e4nger-Sets hinaus, unterst\u00fctzt dieses Kit Hypertrophie, Krafttraining und funktionelle Fitness.<\/p><\/li><li><p><strong>Platzsparendes Design:<\/strong> Alle Komponenten sind kompakt und leicht zu verstauen \u2013 ideal f\u00fcr den Heimgebrauch ohne Kompromisse bei der Trainingsvielfalt.<\/p><\/li><li><p><strong>Vielseitige Nutzung:<\/strong> Wechsle m\u00fchelos zwischen Kurzhantel- und Langhantel-Formaten f\u00fcr dynamischere Trainingseinheiten.<\/p><\/li><li><p><strong>Au\u00dfergew\u00f6hnliche Haltbarkeit:<\/strong> F\u00fcr regelm\u00e4\u00dfigen Gebrauch mit hochwertigen Materialien in jedem Teil gefertigt.\u200b<\/p><\/li><li><p><strong>Kostenvorteil:<\/strong> Spare 5\u202f% im Vergleich zum Einzelkauf aller Artikel.<\/p><\/li><\/ul><p><strong>Schrittweise Fortschritte f\u00fcr langfristige Ergebnisse<\/strong> One of the key advantages of a <em>Mittelgewicht Heimfitness-Set.<\/em> Einer der Hauptvorteile eines Heimfitness-Sets ist die M\u00f6glichkeit, dein Training individuell anzupassen und den Widerstand im Laufe der Zeit schrittweise zu erh\u00f6hen. Mit dem Mittelgewicht Heimfitness-Set hast du die perfekte Grundlage f\u00fcr <a href=\"https:\/\/www.healthline.com\/health\/progressive-overload\" target=\"_blank\" rel=\"noopener\">progressives \u00dcberlastungstraining<\/a>\u2013 das Prinzip, das Gewicht oder den Widerstand schrittweise zu erh\u00f6hen, um Kraft und Muskelmasse aufzubauen. Dieses Set bietet eine ausgewogene Auswahl an Kurzhanteln, mit denen du verschiedene Muskelgruppen herausfordern kannst, ohne deinen Raum zu \u00fcberladen. Wenn deine Kraft zunimmt, kannst du dein <em>Mittelgewicht Heimfitness-Set.<\/em> durch schwerere Gewichte oder zus\u00e4tzliches Zubeh\u00f6r erweitern, um deine sich entwickelnden Fitnessziele zu unterst\u00fctzen.<\/p><p><strong>Erweitere dein Heimfitnessstudio mit Vertrauen<\/strong> Zu Hause zu trainieren bedeutet Freiheit \u2013 keine Warteschlangen, kein Pendeln, keine monatlichen Geb\u00fchren. Das Mittelgewicht Heimfitness-Set erm\u00f6glicht es dir, in deinem eigenen Tempo st\u00e4rker zu werden, mit Raum f\u00fcr Wachstum. Es ist eine robuste Grundlage, die mit schwereren Kurzhanteln oder spezialisiertem Equipment erweitert werden kann, wenn sich deine Ziele weiterentwickeln. F\u00fcr alle, die Muskelentwicklung und allgemeine Konditionierung von zu Hause aus verbessern m\u00f6chten, bietet dieses Set unvergleichlichen Wert und Praktikabilit\u00e4t.<\/p><p>Beginne noch heute mit dem Aufbau des K\u00f6rpers, den du dir w\u00fcnschst \u2013 direkt aus deinem Wohnzimmer \u2013 mit dem <em>Mittelgewicht Heimfitness-Set.<\/em>.<\/p><div><hr \/><\/div>\t\t\t\t\t\t\t\t<\/div>\n\t\t\t\t<\/div>\n\t\t\t\t\t<\/div>\n\t\t\t\t<\/div>\n\t\t\t\t<\/div>","protected":false},"excerpt":{"rendered":"<p>Bring dein Heimtraining auf das n\u00e4chste Level mit diesem vielseitigen, platzsparenden Heimfitness-Set f\u00fcr fortgeschrittene Trainierende. Es enth\u00e4lt die MightyRock klappbare Hantelbank \u2013 die kompakteste klappbare Hantelbank der Welt \u2013 einen Adapter zum Umwandeln von Kurzhanteln in eine Langhantel, eine Wandhalterung sowie 4 Paare hexagonaler Kurzhanteln (8\u202fkg, 10\u202fkg, 15\u202fkg, 20\u202fkg) \u2013 insgesamt 106\u202fkg. Perfekt f\u00fcr alle, die zu Hause Muskeln aufbauen und ihre Kondition verbessern m\u00f6chten \u2013 und du sparst 5\u202f% im Vergleich zum Einzelkauf!<\/p>\n<p>Lieferzeit: 5-10 Werktage<\/p>\n<p>The home gym set includes:<\/p>\n<ul>\n<li>MightyRock-faltbare Hantelbank 1St<\/li>\n<li>Kurzhantel-Konverter 1St<\/li>\n<li>Hantelbankhalterung 1Stk<\/li>\n<li>4 Paar Standard-Hex-Hanteln: <strong>1Paar 8kg<\/strong>, <strong>1Paar 10kg<\/strong>, <strong>1 Paar 15kg<\/strong> und <strong>1 Paar 20kg<\/strong><\/li>\n<\/ul>\n<p>Note:<\/p>\n<ul>\n<li>Die Kunststoffmutter kann in Orange oder Schwarz geliefert werden.<\/li>\n<li>Hantelmarke: Blue Gym oder andere<\/li>\n<li>Hanteln werden aufgrund des hohen Gewichts separat versendet<\/li>\n<\/ul>","protected":false},"featured_media":2382,"comment_status":"open","ping_status":"closed","template":"","meta":[],"product_brand":[],"product_cat":[43],"product_tag":[],"class_list":{"0":"post-2381","1":"product","2":"type-product","3":"status-publish","4":"has-post-thumbnail","6":"product_cat-home-gym-sets","7":"product_shipping_class-set","9":"first","10":"instock","11":"sale","12":"featured","13":"sold-individually","14":"taxable","15":"shipping-taxable","16":"purchasable","17":"product-type-simple"},"jetpack_sharing_enabled":true,"_links":{"self":[{"href":"https:\/\/mightylu.com\/de\/wp-json\/wp\/v2\/product\/2381","targetHints":{"allow":["GET"]}}],"collection":[{"href":"https:\/\/mightylu.com\/de\/wp-json\/wp\/v2\/product"}],"about":[{"href":"https:\/\/mightylu.com\/de\/wp-json\/wp\/v2\/types\/product"}],"replies":[{"embeddable":true,"href":"https:\/\/mightylu.com\/de\/wp-json\/wp\/v2\/comments?post=2381"}],"version-history":[{"count":10,"href":"https:\/\/mightylu.com\/de\/wp-json\/wp\/v2\/product\/2381\/revisions"}],"predecessor-version":[{"id":4146,"href":"https:\/\/mightylu.com\/de\/wp-json\/wp\/v2\/product\/2381\/revisions\/4146"}],"wp:featuredmedia":[{"embeddable":true,"href":"https:\/\/mightylu.com\/de\/wp-json\/wp\/v2\/media\/2382"}],"wp:attachment":[{"href":"https:\/\/mightylu.com\/de\/wp-json\/wp\/v2\/media?parent=2381"}],"wp:term":[{"taxonomy":"product_brand","embeddable":true,"href":"https:\/\/mightylu.com\/de\/wp-json\/wp\/v2\/product_brand?post=2381"},{"taxonomy":"product_cat","embeddable":true,"href":"https:\/\/mightylu.com\/de\/wp-json\/wp\/v2\/product_cat?post=2381"},{"taxonomy":"product_tag","embeddable":true,"href":"https:\/\/mightylu.com\/de\/wp-json\/wp\/v2\/product_tag?post=2381"}],"curies":[{"name":"wp","href":"https:\/\/api.w.org\/{rel}","templated":true}]}}