{"id":1139,"date":"2024-05-22T14:39:19","date_gmt":"2024-05-22T12:39:19","guid":{"rendered":"https:\/\/mightylu.com\/?post_type=product&#038;p=1139"},"modified":"2025-04-22T14:14:20","modified_gmt":"2025-04-22T12:14:20","slug":"weight-bench-bracket","status":"publish","type":"product","link":"https:\/\/mightylu.com\/de\/product\/weight-bench-bracket\/","title":{"rendered":"Hantelbankhalterung"},"content":{"rendered":"<div data-elementor-type=\"wp-post\" data-elementor-id=\"1139\" class=\"elementor elementor-1139\">\n\t\t\t\t<div class=\"elementor-element elementor-element-6e089f3a e-flex e-con-boxed e-con e-parent\" data-id=\"6e089f3a\" data-element_type=\"container\" data-e-type=\"container\">\n\t\t\t\t\t<div class=\"e-con-inner\">\n\t\t\t\t<div class=\"elementor-element elementor-element-cbb791c elementor-widget elementor-widget-text-editor\" data-id=\"cbb791c\" data-element_type=\"widget\" data-e-type=\"widget\" data-widget_type=\"text-editor.default\">\n\t\t\t\t<div class=\"elementor-widget-container\">\n\t\t\t\t\t\t\t\t\t<h2 data-start=\"0\" data-end=\"54\"><strong data-start=\"0\" data-end=\"54\">MightyRock Hantelbankhalterung<\/strong><\/h2><p class=\"\" data-start=\"56\" data-end=\"616\">Nutzen Sie das Potenzial Ihres Heimtrainingsbereichs mit der MightyRock Hantelbankhalterung, einem unverzichtbaren Zubeh\u00f6r f\u00fcr alle, die ihren Trainingsraum optimieren m\u00f6chten. Diese hochwertige Halterung aus strapazierf\u00e4higem, 3 mm dickem Stahl bietet eine zuverl\u00e4ssige und stabile L\u00f6sung, um Ihre klappbare Hantelbank vertikal zu lagern. Egal, ob Sie mit begrenztem Platz arbeiten oder einfach nur Ihr Heimstudio ordentlich und organisiert halten m\u00f6chten, diese L\u00f6sung zur Aufbewahrung Ihrer Hantelbank sorgt daf\u00fcr, dass Ihr Trainingsbereich aufger\u00e4umt und effizient bleibt.<\/p><p class=\"\" data-start=\"618\" data-end=\"1090\">Perfekt f\u00fcr kleinere R\u00e4ume, stellt die MightyRock Hantelbankhalterung sicher, dass Ihre Hantelbank sicher verstaut ist, wenn sie nicht in Gebrauch ist, und so keinen wertvollen Platz auf dem Boden beansprucht. Die Halterung l\u00e4sst sich einfach installieren und kann an der Wand montiert werden, sodass Sie eine bequeme und zug\u00e4ngliche Aufbewahrungsm\u00f6glichkeit haben, die Ihre Trainingsausstattung aus dem Weg r\u00e4umt, aber immer noch griffbereit bleibt. Keine Sorge mehr, \u00fcber Ihre Bank zu stolpern oder einen Platz daf\u00fcr zu suchen, nachdem Sie Ihre Trainingseinheit beendet haben.<\/p><p class=\"\" data-start=\"1092\" data-end=\"1386\">Diese platzsparende L\u00f6sung ist ein Muss f\u00fcr Fitnessbegeisterte, die ihr Heimstudio ordentlich, aufger\u00e4umt und funktional halten m\u00f6chten. Ob in einer Wohnung, einem kleinen Haus oder einfach in einem Raum mit begrenztem Platz, die MightyRock Hantelbankhalterung ist die perfekte Erg\u00e4nzung f\u00fcr Ihre Trainingsausstattung.<\/p><p class=\"\" data-start=\"1388\" data-end=\"1405\"><strong data-start=\"1388\" data-end=\"1405\">Hauptmerkmale:<\/strong><\/p><ul data-start=\"1406\" data-end=\"1914\"><li class=\"\" data-start=\"1406\" data-end=\"1519\"><p class=\"\" data-start=\"1408\" data-end=\"1519\"><strong data-start=\"1408\" data-end=\"1432\">Platzsparendes Design:<\/strong> Lagern Sie Ihre Hantelbank vertikal, um Bodenfl\u00e4che freizugeben und Ihr Fitnessstudio organisiert zu halten.<\/p><\/li><li class=\"\" data-start=\"1520\" data-end=\"1615\"><p class=\"\" data-start=\"1522\" data-end=\"1615\"><strong data-start=\"1522\" data-end=\"1547\">Robuste Konstruktion:<\/strong> Aus 3 mm dickem Stahl f\u00fcr St\u00e4rke und langlebige Haltbarkeit gefertigt.<\/p><\/li><li class=\"\" data-start=\"1616\" data-end=\"1694\"><p class=\"\" data-start=\"1618\" data-end=\"1694\"><strong data-start=\"1618\" data-end=\"1640\">Einfache Installation:<\/strong> L\u00e4sst sich schnell und einfach an der Wand montieren.<\/p><\/li><li class=\"\" data-start=\"1695\" data-end=\"1796\"><p class=\"\" data-start=\"1697\" data-end=\"1796\"><strong data-start=\"1697\" data-end=\"1726\">Ideal f\u00fcr kompakte R\u00e4ume:<\/strong> Perfekt f\u00fcr kleine Heimstudios, Wohnungen oder R\u00e4ume mit begrenztem Platz.<\/p><\/li><li class=\"\" data-start=\"1797\" data-end=\"1914\"><p class=\"\" data-start=\"1799\" data-end=\"1914\"><strong data-start=\"1799\" data-end=\"1830\">Vielseitige Aufbewahrungsl\u00f6sung:<\/strong> H\u00e4lt Ihre klappbare Hantelbank sicher verstaut und dennoch leicht zug\u00e4nglich.<\/p><\/li><\/ul><p class=\"\" data-start=\"1916\" data-end=\"2148\">Mit der MightyRock Hantelbankhalterung k\u00f6nnen Sie sicherstellen, dass Ihre Hantelbank stets sicher und ordentlich aufbewahrt wird, sodass Ihr Heimstudio funktionaler und organisierter wird. \u00dcbernehmen Sie die Kontrolle \u00fcber Ihren Raum und optimieren Sie Ihr Trainingserlebnis noch heute!<\/p>\t\t\t\t\t\t\t\t<\/div>\n\t\t\t\t<\/div>\n\t\t\t\t\t<\/div>\n\t\t\t\t<\/div>\n\t\t\t\t<\/div>","protected":false},"excerpt":{"rendered":"<p>Optimieren Sie Ihr Heim-Fitnessstudio mit der Hantelbankhalterung von Mighty Rock. Diese Halterung aus robustem, 3 mm dickem Stahl erm\u00f6glicht es Ihnen, Ihre klappbare Hantelbank vertikal zu lagern. So sparen Sie Platz und sorgen f\u00fcr Ordnung in Ihrem Trainingsbereich. Sie ist ideal f\u00fcr kompakte R\u00e4ume und die perfekte L\u00f6sung f\u00fcr ein ordentliches und effizientes Fitness-Setup.<\/p>\n<p>Delivery time: 5-10 days<\/p>","protected":false},"featured_media":1997,"comment_status":"open","ping_status":"closed","template":"","meta":[],"product_brand":[],"product_cat":[39],"product_tag":[],"class_list":{"0":"post-1139","1":"product","2":"type-product","3":"status-publish","4":"has-post-thumbnail","6":"product_cat-storage-solutions","7":"product_shipping_class-light-1","9":"first","10":"instock","11":"featured","12":"taxable","13":"shipping-taxable","14":"purchasable","15":"product-type-simple"},"jetpack_sharing_enabled":true,"_links":{"self":[{"href":"https:\/\/mightylu.com\/de\/wp-json\/wp\/v2\/product\/1139","targetHints":{"allow":["GET"]}}],"collection":[{"href":"https:\/\/mightylu.com\/de\/wp-json\/wp\/v2\/product"}],"about":[{"href":"https:\/\/mightylu.com\/de\/wp-json\/wp\/v2\/types\/product"}],"replies":[{"embeddable":true,"href":"https:\/\/mightylu.com\/de\/wp-json\/wp\/v2\/comments?post=1139"}],"version-history":[{"count":5,"href":"https:\/\/mightylu.com\/de\/wp-json\/wp\/v2\/product\/1139\/revisions"}],"predecessor-version":[{"id":3800,"href":"https:\/\/mightylu.com\/de\/wp-json\/wp\/v2\/product\/1139\/revisions\/3800"}],"wp:featuredmedia":[{"embeddable":true,"href":"https:\/\/mightylu.com\/de\/wp-json\/wp\/v2\/media\/1997"}],"wp:attachment":[{"href":"https:\/\/mightylu.com\/de\/wp-json\/wp\/v2\/media?parent=1139"}],"wp:term":[{"taxonomy":"product_brand","embeddable":true,"href":"https:\/\/mightylu.com\/de\/wp-json\/wp\/v2\/product_brand?post=1139"},{"taxonomy":"product_cat","embeddable":true,"href":"https:\/\/mightylu.com\/de\/wp-json\/wp\/v2\/product_cat?post=1139"},{"taxonomy":"product_tag","embeddable":true,"href":"https:\/\/mightylu.com\/de\/wp-json\/wp\/v2\/product_tag?post=1139"}],"curies":[{"name":"wp","href":"https:\/\/api.w.org\/{rel}","templated":true}]}}