{"id":574,"date":"2024-02-06T15:23:26","date_gmt":"2024-02-06T14:23:26","guid":{"rendered":"https:\/\/mightylu.com\/?page_id=574"},"modified":"2024-06-03T13:53:40","modified_gmt":"2024-06-03T11:53:40","slug":"shipping","status":"publish","type":"page","link":"https:\/\/mightylu.com\/de\/shipping\/","title":{"rendered":"Versand"},"content":{"rendered":"<p><\/p>\n\n\n\n<p>Gerne bieten wir Versanddienste von Kroatien in folgende L\u00e4nder an: Kroatien, Slowenien, \u00d6sterreich, Deutschland, Italien, Frankreich, Tschechische Republik, Ungarn, Slowakei, Belgien, D\u00e4nemark, Luxemburg, Niederlande, Polen, Portugal, Spanien, Schweden, Schweiz , und Norwegen.<\/p>\n\n\n\n<p><strong>Akzeptanz der Nutzungsbedingungen<\/strong><\/p>\n\n\n\n<p>Mit der Best\u00e4tigung der Bestellung akzeptiert der Kunde die Nutzungsbedingungen.<\/p>\n\n\n\n<p><strong>Versenden<\/strong><\/p>\n\n\n\n<p>Der Versand innerhalb der EU erfolgt ausschlie\u00dflich durch die Kurierdienste DPD oder GLS. Der Kurierdienst liefert die Sendung an die Adresse des Kunden; Die Lieferung ins Haus ist nicht im Preis inbegriffen. Bei Lieferungen innerhalb der EU betr\u00e4gt die Lieferzeit an die Adresse des Kunden 1-10 Werktage ab Zahlungsdatum. F\u00fcr einige Inseln und d\u00fcnn besiedelte Gebiete ist eine Lieferung leider nicht m\u00f6glich; In solchen F\u00e4llen ist eine Abholung am n\u00e4chstgelegenen Terminal m\u00f6glich.<\/p>\n\n\n\n<p>Die Produkte werden in Kartonverpackungen verpackt versendet, sodass sie bei der regul\u00e4ren Postabfertigung nicht besch\u00e4digt werden k\u00f6nnen. Der Kunde ist verpflichtet, bei Erhalt die Ware auf eventuelle Sch\u00e4den zu \u00fcberpr\u00fcfen und diese unverz\u00fcglich dem Kurier zu melden, der die Ware geliefert hat, oder die Annahme der Sendung mit sichtbaren \u00e4u\u00dferlichen Sch\u00e4den zu verweigern. Die Ware ist gegen Verlust bei der Lieferung versichert. Erh\u00e4lt der Kunde die bestellte Ware oder eine Liefermitteilung des Verk\u00e4ufers auch nach Ablauf der voraussichtlichen Lieferfrist nicht, muss er den Verk\u00e4ufer benachrichtigen, damit Ma\u00dfnahmen zur Lokalisierung der Lieferung oder zur Zusendung einer Ersatzlieferung eingeleitet werden k\u00f6nnen.<\/p>\n\n\n\n<p><strong>Montage<\/strong><\/p>\n\n\n\n<p>Sofern nicht vorab etwas anderes vereinbart wurde, werden alle Produkte in der Originalverpackung an die Adresse des Kunden geliefert. Einige Produkte m\u00fcssen vor der Verwendung zusammengebaut werden. Der Hersteller beabsichtigt, dass der Kunde die Montage gem\u00e4\u00df der beigef\u00fcgten Anleitung durchf\u00fchrt, und der Verk\u00e4ufer ist nicht verpflichtet, die Produkte zu montieren. Der Kunde kann die Produktmontage auf eigene Kosten bei einem autorisierten oder vertraglichen Service in seiner N\u00e4he in Auftrag geben.<\/p>\n\n\n\n<p><strong>Unf\u00e4higkeit des Verk\u00e4ufers zur Lieferung<\/strong><\/p>\n\n\n\n<p>F\u00fcr den Fall, dass der Verk\u00e4ufer das Produkt nicht liefern kann, weil das bestellte Produkt nicht vorr\u00e4tig ist oder eine Bestellung beim Lieferanten nicht mehr m\u00f6glich ist, wird der Verk\u00e4ufer den Kunden dar\u00fcber schriftlich informieren. Der Kunde kann die Bestellung stornieren oder ggf. einen neuen Liefertermin akzeptieren. Wenn der Verbraucher beschlie\u00dft, die Bestellung zu stornieren, erstattet der Verk\u00e4ufer den gezahlten Betrag so schnell wie m\u00f6glich, sp\u00e4testens jedoch 30 Tage nach Eintritt der Verz\u00f6gerung, zuz\u00fcglich des vorgeschriebenen Zinssatzes.<\/p>\n\n\n\n<p><strong>Garantie<\/strong><\/p>\n\n\n\n<p>Im Falle eines Defekts an dem von der Garantie abgedeckten Produkt verpflichten wir uns, es so schnell wie m\u00f6glich, sp\u00e4testens jedoch innerhalb von 45 Tagen, zu reparieren. Wenn das Produkt nicht repariert werden kann oder nicht innerhalb von 45 Tagen repariert wird, wird es durch ein neues ersetzt. Dauert die Produktreparatur l\u00e4nger als 10 Tage, verl\u00e4ngert sich die Garantie um die Dauer der Reparatur.<\/p>\n\n\n\n<p>Um den Prozess zu vereinfachen, empfiehlt es sich im Falle einer Reklamation zu einem bestimmten Artikel, den gesamten besch\u00e4digten Artikel, ein deutlich sichtbares Detail des Schadens (aus mehreren Blickwinkeln) und die Seriennummer des Artikels (falls vorhanden) zu fotografieren.<\/p>\n\n\n\n<p>Wird innerhalb von 6 Monaten nach Erhalt des gekauften Produkts ein Mangel festgestellt, wird davon ausgegangen, dass der Mangel bereits zum Zeitpunkt des Kaufs vorhanden war.<\/p>\n\n\n\n<p>Sie k\u00f6nnen die Sachm\u00e4ngelhaftung innerhalb von zwei Jahren geltend machen, sofern Sie den Mangel dem H\u00e4ndler rechtzeitig angezeigt haben.<\/p>\n\n\n\n<p>Stellen Sie sicher, dass der reklamierte Artikel in dem Zustand zur\u00fcckgegeben wird, in dem Sie ihn gekauft haben.<\/p>\n\n\n\n<p>Einen Defekt oder Mangel k\u00f6nnen Sie innerhalb der Garantiezeit per E-Mail melden:<\/p>\n\n\n\n<p>Die Garantie gilt nur, wenn das Produkt gem\u00e4\u00df den Anweisungen des Herstellers oder gem\u00e4\u00df den \u00fcblichen Vorschriften verwendet und gewartet wurde.<\/p>\n\n\n\n<p>Von der Garantie ausgeschlossen sind Sch\u00e4den, die durch unsachgem\u00e4\u00dfen Gebrauch, St\u00fcrze, Kollisionen, St\u00f6\u00dfe, \u00dcberlastung oder Eingriffe und Reparaturen w\u00e4hrend der Garantiezeit durch nicht autorisierte Servicekr\u00e4fte oder infolge mangelhafter Wartung und Lagerung des Artikels entstehen.<\/p>\n\n\n\n<p>Die Garantie deckt nicht den normalen Verschlei\u00df von Verbrauchsmaterialien wie Kabeln, Gummimatten, Antriebsriemen, Polstern, Gummib\u00e4ndern, Seilen, Schl\u00e4uchen, Unterlegscheiben, Schrauben und Muttern, Lagern, Ketten, Batterien usw. ab.<\/p>\n\n\n\n<p>F\u00fcr alle Reklamationen ist eine Quittung als Kaufbeleg erforderlich.<\/p>\n\n\n\n<p>F\u00fcr jeden Artikel, der im Rahmen der Garantie repariert oder ersetzt wird, verl\u00e4ngert sich die Garantiezeit um den Zeitraum, in dem der Artikel repariert wurde.<\/p>\n\n\n\n<p>Wenn der Artikel f\u00fcr Zwecke oder Aktivit\u00e4ten verwendet wird, f\u00fcr die er nicht vorgesehen ist, wodurch sich seine Lebensdauer erheblich verk\u00fcrzt, f\u00e4llt er nicht unter die Garantie.<\/p>\n\n\n\n<p>Wir behalten uns das Recht vor, Reparaturen in Rechnung zu stellen, wenn der Reklamationsantrag aus einem der oben genannten Gr\u00fcnde nicht genehmigt wird.<\/p>\n\n\n\n<p>Wenn eine Reparatur\/ein Austausch des Artikels nicht m\u00f6glich ist, behalten wir uns das Recht vor, einen Ersatzartikel mit demselben oder einem h\u00f6heren Wert anzubieten oder, falls ein Ersatz nicht m\u00f6glich ist, einen Teil des Geldes im Verh\u00e4ltnis zur verbleibenden erwarteten Lebensdauer des Artikels zur\u00fcckzuerstatten .<\/p>\n\n\n\n<p>Halten Sie sich bei der Wartung und Reparatur des Artikels stets streng an die Anweisungen des Herstellers, andernfalls kann der Artikel besch\u00e4digt werden, was zu einem schweren Unfall f\u00fchren kann.<\/p>","protected":false},"excerpt":{"rendered":"<p>We are pleased to offer shipping services from Croatia to the following countries: Croatia, Slovenia, Austria, Germany, Italy, France, Czech Republic, Hungary, Slovakia, Belgium, Denmark, Luxembourg, Netherlands, Poland, Portugal, Spain, Sweden, Switzerland, and Norway. Acceptance of Terms of Use By confirming the order, the customer accepts the Terms of Use. Dispatch Shipping within EU is [&hellip;]<\/p>\n","protected":false},"author":1,"featured_media":0,"parent":0,"menu_order":0,"comment_status":"closed","ping_status":"closed","template":"","meta":{"footnotes":""},"class_list":["post-574","page","type-page","status-publish","hentry"],"blocksy_meta":[],"jetpack_sharing_enabled":true,"_links":{"self":[{"href":"https:\/\/mightylu.com\/de\/wp-json\/wp\/v2\/pages\/574","targetHints":{"allow":["GET"]}}],"collection":[{"href":"https:\/\/mightylu.com\/de\/wp-json\/wp\/v2\/pages"}],"about":[{"href":"https:\/\/mightylu.com\/de\/wp-json\/wp\/v2\/types\/page"}],"author":[{"embeddable":true,"href":"https:\/\/mightylu.com\/de\/wp-json\/wp\/v2\/users\/1"}],"replies":[{"embeddable":true,"href":"https:\/\/mightylu.com\/de\/wp-json\/wp\/v2\/comments?post=574"}],"version-history":[{"count":0,"href":"https:\/\/mightylu.com\/de\/wp-json\/wp\/v2\/pages\/574\/revisions"}],"wp:attachment":[{"href":"https:\/\/mightylu.com\/de\/wp-json\/wp\/v2\/media?parent=574"}],"curies":[{"name":"wp","href":"https:\/\/api.w.org\/{rel}","templated":true}]}}