{"id":559,"date":"2024-02-06T15:00:27","date_gmt":"2024-02-06T14:00:27","guid":{"rendered":"https:\/\/mightylu.com\/?page_id=559"},"modified":"2024-11-04T15:49:51","modified_gmt":"2024-11-04T14:49:51","slug":"return-policy","status":"publish","type":"page","link":"https:\/\/mightylu.com\/de\/return-policy\/","title":{"rendered":"R\u00fcckgaberecht"},"content":{"rendered":"<div data-elementor-type=\"wp-page\" data-elementor-id=\"559\" class=\"elementor elementor-559\">\n\t\t\t\t<div class=\"elementor-element elementor-element-a5794ef e-flex e-con-boxed e-con e-parent\" data-id=\"a5794ef\" data-element_type=\"container\" data-e-type=\"container\">\n\t\t\t\t\t<div class=\"e-con-inner\">\n\t\t\t\t<div class=\"elementor-element elementor-element-7439e1e8 elementor-widget elementor-widget-text-editor\" data-id=\"7439e1e8\" data-element_type=\"widget\" data-e-type=\"widget\" data-widget_type=\"text-editor.default\">\n\t\t\t\t<div class=\"elementor-widget-container\">\n\t\t\t\t\t\t\t\t\t\n<p><strong>R\u00fcckgaberecht<\/strong><\/p>\n\n<p>Wenn Sie aus irgendeinem Grund mit Ihrem Kauf nicht zufrieden sind, haben Sie gem\u00e4\u00df den Artikeln 57 und 72 des Verbraucherschutzgesetzes das Recht, das Produkt innerhalb von 14 Tagen zur\u00fcckzugeben oder den Vertrag einseitig zu k\u00fcndigen. Den vollst\u00e4ndigen Text des Gesetzes finden Sie <a href=\"https:\/\/eur-lex.europa.eu\/legal-content\/EN\/TXT\/?uri=celex32011L0083\" target=\"_blank\" rel=\"noopener\">hier<\/a>.<\/p>\n\n<p><strong>Bedingungen f\u00fcr R\u00fccksendungen<\/strong><\/p>\n\n<p><strong>R\u00fcckgabefrist<\/strong>: Sie k\u00f6nnen den Artikel innerhalb von 14 Tagen ab Erhalt zur\u00fccksenden.<\/p>\n\n<p><strong>R\u00fccksendekosten:<\/strong> Die Kosten f\u00fcr die R\u00fccksendung des Produkts an uns liegen in Ihrer Verantwortung.<\/p>\n\n<p><strong>Produktzustand:<\/strong> Sie sind f\u00fcr jede Wertminderung des Produkts aufgrund der Handhabung verantwortlich, es sei denn, dies ist zur Feststellung der Beschaffenheit, Eigenschaften und Funktionalit\u00e4t des Produkts erforderlich.<\/p>\n\n<p><strong>R\u00fcckerstattungsprozess<\/strong><\/p>\n\n<p><strong>Benachrichtigung:<\/strong> Teilen Sie uns Ihre Entscheidung, das Produkt zur\u00fcckzugeben oder den Vertrag zu k\u00fcndigen, schriftlich mit. Sie k\u00f6nnen das unten bereitgestellte R\u00fccksendeformular verwenden, per E-Mail oder Post senden.<\/p>\n\n<p><strong>Erstattung:<\/strong> Nach Erhalt Ihrer schriftlichen Benachrichtigung und des zur\u00fcckgegebenen Produkts werden wir den Ersatz oder die vollst\u00e4ndige R\u00fcckerstattung innerhalb von 14 Tagen bearbeiten.<\/p>\n\n<p>Ausnahmen und Sonderf\u00e4lle<\/p>\n\n<p><strong>Lieferunf\u00e4higkeit:<\/strong> Sollten wir nicht in der Lage sein, ein Ersatzprodukt zu liefern, erstatten wir Ihnen die R\u00fccksendekosten und den Wert des nicht lieferbaren Produkts.<\/p>\n\n<p><strong>R\u00fccksendungen aufgrund von Nichtverk\u00e4ufern:<\/strong> Bei R\u00fccksendungen, die nicht auf unser Verschulden zur\u00fcckzuf\u00fchren sind, tragen Sie s\u00e4mtliche anfallenden Bearbeitungskosten.<\/p>\n\n<p><strong>Reklamationen und Gew\u00e4hrleistungsanspr\u00fcche<\/strong><\/p>\n\n<p><strong>Fehler oder Schaden: <\/strong>Wenn Sie einen Fehler oder eine Besch\u00e4digung am Produkt feststellen, die nicht w\u00e4hrend des Transports entstanden ist, k\u00f6nnen Sie von Ihrem Recht Gebrauch machen, den Vertrag einseitig zu k\u00fcndigen oder eine Beschwerde einzureichen.<\/p>\n\n<p><strong>Kontaktieren Sie uns:<\/strong> Nutzen Sie das untenstehende Formular oder kontaktieren Sie uns per E-Mail, Post oder Fax. Wir werden Ihre Beschwerde innerhalb von 14 Tagen nach Eingang Ihrer Beschwerde schriftlich beantworten.<\/p>\n\n<p><strong>Online-Streitbeilegung<\/strong><\/p>\n\n<p>Gem\u00e4\u00df den <strong>EU-Vorschriften<\/strong>, disputes related to online purchases can be resolved via the <a href=\"https:\/\/ec.europa.eu\/consumers\/odr\/main\/?event=main.home2.show\" target=\"_blank\" rel=\"noopener\">ODR platform<\/a>, hier zug\u00e4nglich. \u00dcber diese Plattform k\u00f6nnen Sie Beschwerden schnell und einfach in jeder der 23 Amtssprachen der EU einreichen.<\/p>\n\n<p>MightyLu J.D.O.O.<br \/>Dobrinjska ulica 17, 10000 Zagreb, Croatia<br \/>Email: info@mightylu.com<\/p>\n\n<p>\u00a0<\/p>\n\n<p>\u00a0<\/p>\n\t\t\t\t\t\t\t\t<\/div>\n\t\t\t\t<\/div>\n\t\t\t\t\t<\/div>\n\t\t\t\t<\/div>\n\t\t\t\t<\/div>","protected":false},"excerpt":{"rendered":"<p>Right of Return If you are not satisfied with your purchase for any reason, you have the right to return the product or unilaterally terminate the contract within 14 days, in accordance with the Consumer Protection Act, Articles 57 and 72. The full text of the Act is available here. Conditions for Returns Return Period: [&hellip;]<\/p>\n","protected":false},"author":1,"featured_media":0,"parent":0,"menu_order":0,"comment_status":"closed","ping_status":"closed","template":"","meta":{"footnotes":""},"class_list":["post-559","page","type-page","status-publish","hentry"],"blocksy_meta":[],"jetpack_sharing_enabled":true,"_links":{"self":[{"href":"https:\/\/mightylu.com\/de\/wp-json\/wp\/v2\/pages\/559","targetHints":{"allow":["GET"]}}],"collection":[{"href":"https:\/\/mightylu.com\/de\/wp-json\/wp\/v2\/pages"}],"about":[{"href":"https:\/\/mightylu.com\/de\/wp-json\/wp\/v2\/types\/page"}],"author":[{"embeddable":true,"href":"https:\/\/mightylu.com\/de\/wp-json\/wp\/v2\/users\/1"}],"replies":[{"embeddable":true,"href":"https:\/\/mightylu.com\/de\/wp-json\/wp\/v2\/comments?post=559"}],"version-history":[{"count":0,"href":"https:\/\/mightylu.com\/de\/wp-json\/wp\/v2\/pages\/559\/revisions"}],"wp:attachment":[{"href":"https:\/\/mightylu.com\/de\/wp-json\/wp\/v2\/media?parent=559"}],"curies":[{"name":"wp","href":"https:\/\/api.w.org\/{rel}","templated":true}]}}