{"id":558,"date":"2024-02-06T15:00:26","date_gmt":"2024-02-06T14:00:26","guid":{"rendered":"https:\/\/mightylu.com\/?page_id=558"},"modified":"2024-05-27T11:24:18","modified_gmt":"2024-05-27T09:24:18","slug":"privacy-policy-2","status":"publish","type":"page","link":"https:\/\/mightylu.com\/de\/privacy-policy-2\/","title":{"rendered":"Datenschutzrichtlinie"},"content":{"rendered":"<p>Datum des Inkrafttretens: 27.6.2024<\/p>\n\n\n\n<p><strong>1. Einleitung<\/strong><\/p>\n\n\n\n<p>Willkommen bei MightyLu J.D.O.O. (\u201ewir\u201c, \u201eunser\u201c, \u201euns\u201c). Wir legen Wert auf Ihre Privatsph\u00e4re und verpflichten uns, Ihre pers\u00f6nlichen Daten zu sch\u00fctzen. Diese Datenschutzrichtlinie beschreibt, wie wir Ihre Daten sammeln, verwenden und sch\u00fctzen, wenn Sie unsere Website www.mightylu.com (die \u201eSite\u201c) besuchen und unsere Fitnessger\u00e4te kaufen.<\/p>\n\n\n\n<p><strong>2. Von uns erfasste Informationen<\/strong><\/p>\n\n\n\n<p>Zur Bereitstellung und Verbesserung unserer Dienste erfassen wir verschiedene Arten von Informationen, darunter:<\/p>\n\n\n\n<p>Pers\u00f6nliche Identifikationsinformationen: Name, E-Mail-Adresse, Telefonnummer, Lieferadresse, Rechnungsadresse und Zahlungsinformationen.<\/p>\n\n\n\n<p>Technische Daten: IP-Adresse, Browsertyp, Betriebssystem und Surfverhalten auf unserer Site.<\/p>\n\n\n\n<p>Transaktionsdaten: Details zu Zahlungen an und von Ihnen und andere Details zu Produkten und Dienstleistungen, die Sie von uns erworben haben.<\/p>\n\n\n\n<p>Nutzungsdaten: Informationen dar\u00fcber, wie Sie unsere Website, Produkte und Dienste nutzen.<\/p>\n\n\n\n<p><strong>3. Wie wir Ihre Daten verwenden<\/strong><\/p>\n\n\n\n<p>Wir nutzen Ihre personenbezogenen Daten f\u00fcr folgende Zwecke:<\/p>\n\n\n\n<p>Zur Abwicklung von Transaktionen: Zur Verwaltung von Zahlungen, Geb\u00fchren und Kosten sowie zum Einzug und zur Einforderung uns geschuldeter Gelder.<\/p>\n\n\n\n<p>Zur Bereitstellung von Kundensupport: Um auf Ihre Anfragen zu antworten, Ihre W\u00fcnsche zu erf\u00fcllen und Kundenservice bereitzustellen.<\/p>\n\n\n\n<p>Zur Verbesserung unserer Dienste: Zur Analyse von Nutzung und Trends, um unsere Site, Produkte, unser Marketing und das Kundenerlebnis zu verbessern.<\/p>\n\n\n\n<p>Zur Kommunikation mit Ihnen: Um Ihnen Updates, Werbematerialien und andere Informationen im Zusammenhang mit Ihren Eink\u00e4ufen und unseren Services zu senden.<\/p>\n\n\n\n<p>Zur Einhaltung gesetzlicher Verpflichtungen: Zur Einhaltung geltender Gesetze, Vorschriften und Rechtsverfahren.<\/p>\n\n\n\n<p><strong>4. Wie wir Ihre Informationen weitergeben<\/strong><\/p>\n\n\n\n<p>Wir k\u00f6nnen Ihre personenbezogenen Daten weitergeben an:<\/p>\n\n\n\n<p>Dienstleister: Drittunternehmen, die in unserem Namen Dienstleistungen erbringen, beispielsweise Zahlungsabwicklung, Versand und Marketing.<\/p>\n\n\n\n<p>Rechtliche Beh\u00f6rden: Falls gesetzlich vorgeschrieben, k\u00f6nnen wir Ihre Daten an Regierungs- oder Strafverfolgungsbeh\u00f6rden weitergeben.<\/p>\n\n\n\n<p>Gesch\u00e4fts\u00fcbertragungen: Im Falle einer Fusion, \u00dcbernahme oder eines Verkaufs von Verm\u00f6genswerten k\u00f6nnen Ihre Daten an den neuen Eigent\u00fcmer \u00fcbertragen werden.<\/p>\n\n\n\n<p><strong>5. Datensicherheit<\/strong><\/p>\n\n\n\n<p>Wir ergreifen geeignete technische und organisatorische Ma\u00dfnahmen, um Ihre personenbezogenen Daten vor unberechtigtem Zugriff, Nutzung oder Weitergabe zu sch\u00fctzen. Allerdings ist keine Daten\u00fcbertragung \u00fcber das Internet oder elektronische Speicherung vollkommen sicher, sodass wir keine absolute Sicherheit garantieren k\u00f6nnen.<\/p>\n\n\n\n<p><strong>6. Ihre Rechte<\/strong><\/p>\n\n\n\n<p>Sie haben gegen\u00fcber uns folgende Rechte hinsichtlich Ihrer personenbezogenen Daten:<\/p>\n\n\n\n<p>Zugriff: Sie k\u00f6nnen Zugriff auf die personenbezogenen Daten anfordern, die wir \u00fcber Sie gespeichert haben.<\/p>\n\n\n\n<p>Berichtigung: Sie k\u00f6nnen die Berichtigung unrichtiger oder unvollst\u00e4ndiger Daten verlangen.<\/p>\n\n\n\n<p>L\u00f6schung: Sie k\u00f6nnen unter bestimmten Voraussetzungen die L\u00f6schung Ihrer personenbezogenen Daten verlangen.<\/p>\n\n\n\n<p>Einschr\u00e4nkung: Sie k\u00f6nnen unter bestimmten Umst\u00e4nden eine Einschr\u00e4nkung der Verarbeitung Ihrer personenbezogenen Daten verlangen.<\/p>\n\n\n\n<p>Portabilit\u00e4t: Sie k\u00f6nnen die \u00dcbertragung Ihrer personenbezogenen Daten an eine andere Partei anfordern.<\/p>\n\n\n\n<p>Widerspruch: Sie k\u00f6nnen der Verarbeitung Ihrer personenbezogenen Daten unter bestimmten Umst\u00e4nden widersprechen.<\/p>\n\n\n\n<p>Um diese Rechte auszu\u00fcben, kontaktieren Sie uns bitte unter <strong>info@mightylu.com<\/strong><\/p>\n\n\n\n<p>7. Cookies und Tracking-Technologien<\/p>\n\n\n\n<p>Wir verwenden Cookies und \u00e4hnliche Tracking-Technologien, um Ihr Erlebnis auf unserer Website zu verbessern. Sie k\u00f6nnen die Verwendung von Cookies \u00fcber Ihre Browsereinstellungen steuern.<\/p>\n\n\n\n<p><strong>8. \u00c4nderungen dieser Datenschutzrichtlinie<\/strong><\/p>\n\n\n\n<p>Wir k\u00f6nnen diese Datenschutzrichtlinie von Zeit zu Zeit aktualisieren. Alle \u00c4nderungen werden auf dieser Seite mit einem aktualisierten Datum des Inkrafttretens ver\u00f6ffentlicht. Wir empfehlen Ihnen, diese Richtlinie regelm\u00e4\u00dfig zu \u00fcberpr\u00fcfen.<\/p>\n\n\n\n<p><strong>9. Kontaktieren Sie uns<\/strong><\/p>\n\n\n\n<p>Wenn Sie Fragen oder Bedenken zu dieser Datenschutzrichtlinie haben, kontaktieren Sie uns bitte unter:<\/p>\n\n\n\n<p>MightyLu J.D.O.O.<\/p>\n\n\n\n<p>Dobrinjska ulica 17<\/p>\n\n\n\n<p>10000 Zagreb, Croatia<\/p>\n\n\n\n<p>Email: info@mightylu.com<\/p>\n\n\n\n<p>Phone: +385 91 613 4554<\/p>\n\n\n\n<p><strong>10. Geltendes Recht<\/strong><\/p>\n\n\n\n<p>This Privacy Policy is governed by the laws of Croatia. Any disputes arising out of or related to this policy will be subject to the jurisdiction of the courts located in Croatia.<\/p>","protected":false},"excerpt":{"rendered":"<p>Effective Date: 27.6.2024 1. Introduction Welcome to MightyLu J.D.O.O. (&#8220;we,&#8221; &#8220;our,&#8221; &#8220;us&#8221;). We value your privacy and are committed to protecting your personal data. This Privacy Policy outlines how we collect, use, and safeguard your information when you visit our website www.mightylu.com (the &#8220;Site&#8221;) and purchase our fitness equipment. 2. Information We Collect We collect [&hellip;]<\/p>\n","protected":false},"author":1,"featured_media":0,"parent":0,"menu_order":0,"comment_status":"closed","ping_status":"closed","template":"","meta":{"footnotes":""},"class_list":["post-558","page","type-page","status-publish","hentry"],"blocksy_meta":[],"jetpack_sharing_enabled":true,"_links":{"self":[{"href":"https:\/\/mightylu.com\/de\/wp-json\/wp\/v2\/pages\/558","targetHints":{"allow":["GET"]}}],"collection":[{"href":"https:\/\/mightylu.com\/de\/wp-json\/wp\/v2\/pages"}],"about":[{"href":"https:\/\/mightylu.com\/de\/wp-json\/wp\/v2\/types\/page"}],"author":[{"embeddable":true,"href":"https:\/\/mightylu.com\/de\/wp-json\/wp\/v2\/users\/1"}],"replies":[{"embeddable":true,"href":"https:\/\/mightylu.com\/de\/wp-json\/wp\/v2\/comments?post=558"}],"version-history":[{"count":0,"href":"https:\/\/mightylu.com\/de\/wp-json\/wp\/v2\/pages\/558\/revisions"}],"wp:attachment":[{"href":"https:\/\/mightylu.com\/de\/wp-json\/wp\/v2\/media?parent=558"}],"curies":[{"name":"wp","href":"https:\/\/api.w.org\/{rel}","templated":true}]}}