{"id":2663,"date":"2024-11-19T10:23:24","date_gmt":"2024-11-19T09:23:24","guid":{"rendered":"https:\/\/mightylu.com\/?page_id=2663"},"modified":"2024-11-19T10:33:18","modified_gmt":"2024-11-19T09:33:18","slug":"impressum","status":"publish","type":"page","link":"https:\/\/mightylu.com\/de\/impressum\/","title":{"rendered":"Impressum"},"content":{"rendered":"<div data-elementor-type=\"wp-page\" data-elementor-id=\"2663\" class=\"elementor elementor-2663\">\n\t\t\t\t<div class=\"elementor-element elementor-element-24226b85 e-flex e-con-boxed e-con e-parent\" data-id=\"24226b85\" data-element_type=\"container\" data-e-type=\"container\">\n\t\t\t\t\t<div class=\"e-con-inner\">\n\t\t\t\t<div class=\"elementor-element elementor-element-7b435971 elementor-widget elementor-widget-text-editor\" data-id=\"7b435971\" data-element_type=\"widget\" data-e-type=\"widget\" data-widget_type=\"text-editor.default\">\n\t\t\t\t<div class=\"elementor-widget-container\">\n\t\t\t\t\t\t\t\t\t\n<p>MightyLu j.d.o.o.<br \/>Dobrinjska ulica 17<br \/>10000 Zagreb<br \/>Kroatien<\/p>\n<p><strong>Vertreten durch:<\/strong><br \/>Niko Bolan\u010da- CEO &amp; Owner<\/p>\n<p><strong>Contact:<\/strong><br \/>Telefon: 385 91 6134554<br \/>Email: info@mightylu.com<br \/>Webseite: <a href=\"https:\/\/mightylu.com\/de\/\" target=\"_new\" rel=\"noopener\">https:\/\/www.mightylu.com<\/a><\/p>\n<p><strong>Umsatzsteuer-ID:<\/strong><br \/>Umsatzsteuer-Identifikationsnummer: HR26937773008<\/p>\n<p><strong>Handelsregister:<\/strong><br \/>Registriert beim Handelsgericht Zagreb<br \/>Handelsregisternummer: 081480323<\/p>\n<p><strong>Verantwortlich f\u00fcr den Inhalt:<\/strong><br \/>Niko Bolan\u010da<br \/>Dobrinjska ulica 17<br \/>10000 Zagreb<br \/>Kroatien<\/p>\n<p><strong>Online-Streitbeilegung (OS):<\/strong><br \/>Die Europ\u00e4ische Kommission stellt eine Plattform zur Online-Streitbeilegung (OS) bereit:<br \/><a href=\"https:\/\/ec.europa.eu\/consumers\/odr\" target=\"_new\" rel=\"noopener\">https:\/\/ec.europa.eu\/consumers\/odr<\/a><br \/>Unsere E-Mail-Adresse finden Sie oben im Impressum.<\/p>\n<p><strong>Haftungsausschluss (Disclaimer):<\/strong><br \/><strong>Haftung f\u00fcr Inhalte<\/strong><br \/>Als Diensteanbieter sind wir gem\u00e4\u00df \u00a7 7 Abs.1 TMG f\u00fcr eigene Inhalte auf diesen Seiten nach den allgemeinen Gesetzen verantwortlich. Nach \u00a7\u00a7 8 bis 10 TMG sind wir als Diensteanbieter jedoch nicht verpflichtet, \u00fcbermittelte oder gespeicherte fremde Informationen zu \u00fcberwachen oder nach Umst\u00e4nden zu forschen, die auf eine rechtswidrige T\u00e4tigkeit hinweisen.<\/p>\n<p><strong>Haftung f\u00fcr Links<\/strong><br \/>Unser Angebot enth\u00e4lt Links zu externen Webseiten Dritter, auf deren Inhalte wir keinen Einfluss haben. Deshalb k\u00f6nnen wir f\u00fcr diese fremden Inhalte auch keine Gew\u00e4hr \u00fcbernehmen. F\u00fcr die Inhalte der verlinkten Seiten ist stets der jeweilige Anbieter oder Betreiber der Seiten verantwortlich.<\/p>\n<p><strong>Urheberrecht<\/strong><br \/>Die durch die Seitenbetreiber erstellten Inhalte und Werke auf diesen Seiten unterliegen dem deutschen Urheberrecht. Beitr\u00e4ge Dritter sind als solche gekennzeichnet.<\/p>\n\t\t\t\t\t\t\t\t<\/div>\n\t\t\t\t<\/div>\n\t\t\t\t\t<\/div>\n\t\t\t\t<\/div>\n\t\t\t\t<\/div>","protected":false},"excerpt":{"rendered":"<p>MightyLu j.d.o.o.Dobrinjska ulica 1710000 ZagrebCroatia Represented by:Niko Bolan\u010da- CEO &amp; Owner Contact:Phone: +385 91 6134554Email: info@mightylu.comWebsite: https:\/\/www.mightylu.com VAT ID:VAT identification number: HR26937773008 Trade Register:Registered at the Commercial Court in ZagrebTrade Register Number: 081480323 Responsible for content:Niko Bolan\u010daDobrinjska ulica 1710000 ZagrebCroatia Online Dispute Resolution (ODR):The European Commission provides a platform for Online Dispute Resolution (ODR):https:\/\/ec.europa.eu\/consumers\/odrOur email [&hellip;]<\/p>\n","protected":false},"author":1,"featured_media":0,"parent":0,"menu_order":0,"comment_status":"closed","ping_status":"closed","template":"","meta":{"footnotes":""},"class_list":["post-2663","page","type-page","status-publish","hentry"],"blocksy_meta":[],"jetpack_sharing_enabled":true,"_links":{"self":[{"href":"https:\/\/mightylu.com\/de\/wp-json\/wp\/v2\/pages\/2663","targetHints":{"allow":["GET"]}}],"collection":[{"href":"https:\/\/mightylu.com\/de\/wp-json\/wp\/v2\/pages"}],"about":[{"href":"https:\/\/mightylu.com\/de\/wp-json\/wp\/v2\/types\/page"}],"author":[{"embeddable":true,"href":"https:\/\/mightylu.com\/de\/wp-json\/wp\/v2\/users\/1"}],"replies":[{"embeddable":true,"href":"https:\/\/mightylu.com\/de\/wp-json\/wp\/v2\/comments?post=2663"}],"version-history":[{"count":0,"href":"https:\/\/mightylu.com\/de\/wp-json\/wp\/v2\/pages\/2663\/revisions"}],"wp:attachment":[{"href":"https:\/\/mightylu.com\/de\/wp-json\/wp\/v2\/media?parent=2663"}],"curies":[{"name":"wp","href":"https:\/\/api.w.org\/{rel}","templated":true}]}}